
{"id":4042,"date":"2026-01-06T20:54:36","date_gmt":"2026-01-06T20:54:36","guid":{"rendered":"https:\/\/securite-incendie-national.ca\/?page_id=4042"},"modified":"2026-01-07T10:44:40","modified_gmt":"2026-01-07T10:44:40","slug":"blog","status":"publish","type":"page","link":"https:\/\/securite-incendie-national.ca\/fr\/blog\/","title":{"rendered":"Blog"},"content":{"rendered":"\n<div class=\"wp-block-group alignfull is-layout-constrained wp-block-group-is-layout-constrained\">\n<section class=\"elementor-section elementor-top-section elementor-element elementor-element-5533ab7 elementor-section-boxed elementor-section-height-default elementor-section-height-default\" data-id=\"5533ab7\" data-element_type=\"section\" data-settings=\"{&quot;background_background&quot;:&quot;classic&quot;}\">\n\t\t\t\t\t\t\t<div class=\"elementor-background-overlay\" bis_skin_checked=\"1\"><\/div>\n\t\t\t\t\t\t\t<div class=\"elementor-container elementor-column-gap-default\" bis_skin_checked=\"1\">\n\t\t\t\t\t<div class=\"elementor-column elementor-col-100 elementor-top-column elementor-element elementor-element-ddfd4f4\" data-id=\"ddfd4f4\" data-element_type=\"column\" bis_skin_checked=\"1\">\n\t\t\t<div class=\"elementor-widget-wrap elementor-element-populated\" bis_skin_checked=\"1\">\n\t\t\t\t\t\t<div class=\"elementor-element elementor-element-8c82889 elementor-widget elementor-widget-heading\" data-id=\"8c82889\" data-element_type=\"widget\" data-widget_type=\"heading.default\" bis_skin_checked=\"1\">\n\t\t\t\t<div class=\"elementor-widget-container\" bis_skin_checked=\"1\">\n\t\t\t\t\t<h1 class=\"elementor-heading-title elementor-size-default\">Blog<\/h1>\t\t\t\t<\/div>\n\t\t\t\t<\/div>\n\t\t\t\t\t<\/div>\n\t\t<\/div>\n\t\t\t\t\t<\/div>\n\t\t<\/section>\n<\/div>\n\n\n<div class=\"custom-blog-wrapper\"><div class=\"custom-blog-grid\" style=\"display: grid; grid-template-columns: repeat(3, 1fr); gap: 20px;\"><article class=\"blog-item\" style=\"border: 1px solid #eee; padding: 10px;\"><h3><a href=\"https:\/\/securite-incendie-national.ca\/fr\/le-role-du-plan-de-securite-incendie-psi\/\">Le r\u00f4le du plan de s\u00e9curit\u00e9 incendie (PSI)<\/a><\/h3><p>L\u2019un des meilleurs moyens de r\u00e9agir face aux risques d&rsquo;incendie reste la\u2026<\/p><\/article><article class=\"blog-item\" style=\"border: 1px solid #eee; padding: 10px;\"><h3><a href=\"https:\/\/securite-incendie-national.ca\/fr\/comment-se-preparer-a-une-inspection-incendie-rigoureuse-commerciale\/\">Comment se pr\u00e9parer \u00e0 une inspection incendie rigoureuse commerciale<\/a><\/h3><p>Comment se pr\u00e9parer \u00e0 une inspection incendie commerciale rigoureuse quand on sait\u2026<\/p><\/article><article class=\"blog-item\" style=\"border: 1px solid #eee; padding: 10px;\"><h3><a href=\"https:\/\/securite-incendie-national.ca\/fr\/les-5-non-conformites-incendie-les-plus-frequentes\/\">Les 5 non-conformit\u00e9s incendie les plus fr\u00e9quentes<\/a><\/h3><p>La non-conformit\u00e9 incendie dans les b\u00e2timents commerciaux expose les entreprises \u00e0 des\u2026<\/p><\/article><article class=\"blog-item\" style=\"border: 1px solid #eee; padding: 10px;\"><h3><a href=\"https:\/\/securite-incendie-national.ca\/fr\/inspection-incendie-pour-les-rpa-residences-pour-aines\/\">Inspection incendie pour les RPA (r\u00e9sidences pour a\u00een\u00e9s)<\/a><\/h3><p>L&rsquo;inspection incendie pour les RPA est devenue une priorit\u00e9 absolue suite \u00e0\u2026<\/p><\/article><article class=\"blog-item\" style=\"border: 1px solid #eee; padding: 10px;\"><h3><a href=\"https:\/\/securite-incendie-national.ca\/fr\/conformite-incendie-pour-edifices-a-bureaux-de-plus-de-3-etages\/\">Conformit\u00e9 incendie pour \u00e9difices \u00e0 bureaux de plus de 3 \u00e9tages<\/a><\/h3><p>La conformit\u00e9 incendie pour \u00e9difices \u00e0 bureaux repr\u00e9sente un d\u00e9fi majeur, particuli\u00e8rement\u2026<\/p><\/article><article class=\"blog-item\" style=\"border: 1px solid #eee; padding: 10px;\"><h3><a href=\"https:\/\/securite-incendie-national.ca\/fr\/inspection-alarme-incendie-selon-les-normes-du-quebec-par-des-professionnels\/\">Inspection alarme incendie selon les normes du Qu\u00e9bec par des professionnels<\/a><\/h3><p>L&rsquo;inspection alarme incendie est une obligation l\u00e9gale que tout propri\u00e9taire ne peut\u2026<\/p><\/article><article class=\"blog-item\" style=\"border: 1px solid #eee; padding: 10px;\"><h3><a href=\"https:\/\/securite-incendie-national.ca\/fr\/inspection-gicleur-pour-coproprietes-et-commerces\/\">Inspection gicleur pour copropri\u00e9t\u00e9s et commerces<\/a><\/h3><p>L&rsquo;inspection gicleur repr\u00e9sente une \u00e9tape cruciale pour assurer la s\u00e9curit\u00e9 de votre\u2026<\/p><\/article><article class=\"blog-item\" style=\"border: 1px solid #eee; padding: 10px;\"><h3><a href=\"https:\/\/securite-incendie-national.ca\/fr\/inspection-alarme-incendie-condo-par-une-equipe-de-techniciens-incendies\/\">Inspection alarme incendie condo par une \u00e9quipe de techniciens incendies<\/a><\/h3><p>Les inspections alarme incendie condo jouent un r\u00f4le vital dans la protection\u2026<\/p><\/article><article class=\"blog-item\" style=\"border: 1px solid #eee; padding: 10px;\"><h3><a href=\"https:\/\/securite-incendie-national.ca\/fr\/quest-ce-quun-rapport-nfpa-25-lexplication-dun-expert\/\">Qu&rsquo;est-ce qu&rsquo;un rapport nfpa 25 ?\u00a0 L&rsquo;explication d&rsquo;un expert<\/a><\/h3><p>Les risques de d\u00e9c\u00e8s lors d&rsquo;un incendie sont de beaucoup r\u00e9duits lorsque\u2026<\/p><\/article><article class=\"blog-item\" style=\"border: 1px solid #eee; padding: 10px;\"><h3><a href=\"https:\/\/securite-incendie-national.ca\/fr\/inspection-incendie-pour-commerce-services-aux-pme\/\">Inspection incendie pour commerce &#8211; Services aux PME<\/a><\/h3><p>Les alarmes incendie sauvent des vies, mais l&rsquo;inspection incendie pour commerce est-elle\u2026<\/p><\/article><article class=\"blog-item\" style=\"border: 1px solid #eee; padding: 10px;\"><h3><a href=\"https:\/\/securite-incendie-national.ca\/fr\/inspection-incendie-pour-entrepot-securite-incendie-national\/\">Inspection incendie pour entrep\u00f4t &#8211; S\u00e9curit\u00e9 Incendie National<\/a><\/h3><p>Les dommages caus\u00e9s par un incendie dans un \u00e9tablissement industriel sont cinq\u2026<\/p><\/article><article class=\"blog-item\" style=\"border: 1px solid #eee; padding: 10px;\"><h3><a href=\"https:\/\/securite-incendie-national.ca\/fr\/quest-ce-quun-rapport-ulc-s536-lexplication-dun-expert\/\">Qu&rsquo;est-ce qu&rsquo;un rapport ULC S536 ? L&rsquo;explication d\u2019un expert<\/a><\/h3><p>Qu&rsquo;est-ce qu&rsquo;un rapport ULC S536 ? Cette question est essentielle pour tout\u2026<\/p><\/article><article class=\"blog-item\" style=\"border: 1px solid #eee; padding: 10px;\"><h3><a href=\"https:\/\/securite-incendie-national.ca\/fr\/entreprise-dinspection-de-gicleurs-pour-industries-et-pme\/\">Entreprise d&rsquo;inspection de gicleurs pour industries et PME<\/a><\/h3><p>Les syst\u00e8mes de gicleurs fonctionnels peuvent faire la diff\u00e9rence entre un incident\u2026<\/p><\/article><article class=\"blog-item\" style=\"border: 1px solid #eee; padding: 10px;\"><h3><a href=\"https:\/\/securite-incendie-national.ca\/fr\/quest-ce-quun-rapport-nfpa-10-prevention-incendie\/\">Qu&rsquo;est-ce qu&rsquo;un rapport NFPA 10 &#8211; Pr\u00e9vention incendie<\/a><\/h3><p>Qu&rsquo;est-ce qu&rsquo;un rapport NFPA 10? C&rsquo;est un document essentiel qui garantit que\u2026<\/p><\/article><article class=\"blog-item\" style=\"border: 1px solid #eee; padding: 10px;\"><h3><a href=\"https:\/\/securite-incendie-national.ca\/fr\/quest-ce-quun-rapport-nfpa-101-securite-incendie-national\/\">Qu&rsquo;est-ce qu&rsquo;un rapport NFPA 101 ? &#8211; S\u00e9curit\u00e9 Incendie National<\/a><\/h3><p>Savez-vous qu&rsquo;est-ce qu&rsquo;un rapport NFPA 101 et pourquoi est-il si crucial pour\u2026<\/p><\/article><article class=\"blog-item\" style=\"border: 1px solid #eee; padding: 10px;\"><h3><a href=\"https:\/\/securite-incendie-national.ca\/fr\/inspection-incendie-a-saint-roch-de-lachigan-pour-les-commerces\/\">Inspection incendie \u00e0 Saint-Roch-de-l&rsquo;Achigan pour les commerces<\/a><\/h3><p>En tant que leader dans l&rsquo;inspection s\u00e9curit\u00e9 incendie professionnelle, S\u00e9curit\u00e9 Incendie National\u2026<\/p><\/article><article class=\"blog-item\" style=\"border: 1px solid #eee; padding: 10px;\"><h3><a href=\"https:\/\/securite-incendie-national.ca\/fr\/inspection-incendie-a-lassomption-pour-entreprise-et-industrie\/\">Inspection incendie \u00e0 l&rsquo;Assomption pour entreprise et industrie<\/a><\/h3><p>Chez S\u00e9curit\u00e9 Incendie National, nous nous positionnons comme votre ressource de confiance\u2026<\/p><\/article><article class=\"blog-item\" style=\"border: 1px solid #eee; padding: 10px;\"><h3><a href=\"https:\/\/securite-incendie-national.ca\/fr\/inspection-incendie-a-st-jerome-pour-commerces-et-industries\/\">Inspection incendie \u00e0 St-J\u00e9r\u00f4me pour commerces et industries<\/a><\/h3><p>En trois minutes seulement, le feu et la fum\u00e9e d&rsquo;un incendie peuvent\u2026<\/p><\/article><article class=\"blog-item\" style=\"border: 1px solid #eee; padding: 10px;\"><h3><a href=\"https:\/\/securite-incendie-national.ca\/fr\/inspection-incendie-a-sainte-therese-pour-commerce\/\">Inspection incendie \u00e0 Sainte-Th\u00e9r\u00e8se pour commerce<\/a><\/h3><p>L&rsquo;inspection incendie \u00e0 Sainte-Th\u00e9r\u00e8se est d&rsquo;autant plus importante que cette ville a\u2026<\/p><\/article><article class=\"blog-item\" style=\"border: 1px solid #eee; padding: 10px;\"><h3><a href=\"https:\/\/securite-incendie-national.ca\/fr\/inspection-incendie-a-blainville-pour-entreprises-commerces-et-condos\/\">Inspection incendie \u00e0 Blainville pour entreprises, commerces et condos<\/a><\/h3><p>L&rsquo;inspection incendie \u00e0 Blainville est un \u00e9l\u00e9ment vital pour la s\u00e9curit\u00e9 et\u2026<\/p><\/article><\/div><nav class=\"blog-pagination\" style=\"margin-top: 30px;\"><ul class='page-numbers'>\n\t<li><span aria-current=\"page\" class=\"page-numbers current\">1<\/span><\/li>\n\t<li><a class=\"page-numbers\" href=\"https:\/\/securite-incendie-national.ca\/fr\/wp-json\/wp\/v2\/pages\/4042\/page\/2\/\">2<\/a><\/li>\n\t<li><a class=\"next page-numbers\" href=\"https:\/\/securite-incendie-national.ca\/fr\/wp-json\/wp\/v2\/pages\/4042\/page\/2\/\">Suivant<\/a><\/li>\n<\/ul>\n<\/nav><\/div>\n\n\n\n<p><\/p>\n","protected":false},"excerpt":{"rendered":"<p>Blog<\/p>\n","protected":false},"author":6,"featured_media":0,"parent":0,"menu_order":0,"comment_status":"closed","ping_status":"closed","template":"","meta":{"footnotes":""},"class_list":["post-4042","page","type-page","status-publish","hentry"],"acf":[],"yoast_head":"<!-- This site is optimized with the Yoast SEO plugin v25.3.1 - https:\/\/yoast.com\/wordpress\/plugins\/seo\/ -->\n<title>Blog - S\u00e9curit\u00e9 Incendie National<\/title>\n<meta name=\"robots\" content=\"index, follow, max-snippet:-1, max-image-preview:large, max-video-preview:-1\" \/>\n<link rel=\"canonical\" href=\"https:\/\/securite-incendie-national.ca\/fr\/blog\/\" \/>\n<meta property=\"og:locale\" content=\"fr_FR\" \/>\n<meta property=\"og:type\" content=\"article\" \/>\n<meta property=\"og:title\" content=\"Blog - S\u00e9curit\u00e9 Incendie National\" \/>\n<meta property=\"og:description\" content=\"Blog\" \/>\n<meta property=\"og:url\" content=\"https:\/\/securite-incendie-national.ca\/fr\/blog\/\" \/>\n<meta property=\"og:site_name\" content=\"S\u00e9curit\u00e9 Incendie National\" \/>\n<meta property=\"article:modified_time\" content=\"2026-01-07T10:44:40+00:00\" \/>\n<meta name=\"twitter:card\" content=\"summary_large_image\" \/>\n<meta name=\"twitter:label1\" content=\"Dur\u00e9e de lecture estim\u00e9e\" \/>\n\t<meta name=\"twitter:data1\" content=\"1 minute\" \/>\n<script type=\"application\/ld+json\" class=\"yoast-schema-graph\">{\"@context\":\"https:\/\/schema.org\",\"@graph\":[{\"@type\":\"WebPage\",\"@id\":\"https:\/\/securite-incendie-national.ca\/fr\/blog\/\",\"url\":\"https:\/\/securite-incendie-national.ca\/fr\/blog\/\",\"name\":\"Blog - S\u00e9curit\u00e9 Incendie National\",\"isPartOf\":{\"@id\":\"https:\/\/securite-incendie-national.ca\/fr\/#website\"},\"datePublished\":\"2026-01-06T20:54:36+00:00\",\"dateModified\":\"2026-01-07T10:44:40+00:00\",\"breadcrumb\":{\"@id\":\"https:\/\/securite-incendie-national.ca\/fr\/blog\/#breadcrumb\"},\"inLanguage\":\"fr-FR\",\"potentialAction\":[{\"@type\":\"ReadAction\",\"target\":[\"https:\/\/securite-incendie-national.ca\/fr\/blog\/\"]}]},{\"@type\":\"BreadcrumbList\",\"@id\":\"https:\/\/securite-incendie-national.ca\/fr\/blog\/#breadcrumb\",\"itemListElement\":[{\"@type\":\"ListItem\",\"position\":1,\"name\":\"Home\",\"item\":\"https:\/\/securite-incendie-national.ca\/fr\/\"},{\"@type\":\"ListItem\",\"position\":2,\"name\":\"Blog\"}]},{\"@type\":\"WebSite\",\"@id\":\"https:\/\/securite-incendie-national.ca\/fr\/#website\",\"url\":\"https:\/\/securite-incendie-national.ca\/fr\/\",\"name\":\"S\u00e9curit\u00e9 Incendie National\",\"description\":\"\",\"publisher\":{\"@id\":\"https:\/\/securite-incendie-national.ca\/fr\/#organization\"},\"potentialAction\":[{\"@type\":\"SearchAction\",\"target\":{\"@type\":\"EntryPoint\",\"urlTemplate\":\"https:\/\/securite-incendie-national.ca\/fr\/?s={search_term_string}\"},\"query-input\":{\"@type\":\"PropertyValueSpecification\",\"valueRequired\":true,\"valueName\":\"search_term_string\"}}],\"inLanguage\":\"fr-FR\"},{\"@type\":\"Organization\",\"@id\":\"https:\/\/securite-incendie-national.ca\/fr\/#organization\",\"name\":\"S\u00e9curit\u00e9 Incendie National\",\"url\":\"https:\/\/securite-incendie-national.ca\/fr\/\",\"logo\":{\"@type\":\"ImageObject\",\"inLanguage\":\"fr-FR\",\"@id\":\"https:\/\/securite-incendie-national.ca\/fr\/#\/schema\/logo\/image\/\",\"url\":\"https:\/\/securite-incendie-national.ca\/wp-content\/uploads\/2022\/09\/logo-securite-incendie-national-3.png\",\"contentUrl\":\"https:\/\/securite-incendie-national.ca\/wp-content\/uploads\/2022\/09\/logo-securite-incendie-national-3.png\",\"width\":986,\"height\":221,\"caption\":\"S\u00e9curit\u00e9 Incendie National\"},\"image\":{\"@id\":\"https:\/\/securite-incendie-national.ca\/fr\/#\/schema\/logo\/image\/\"}}]}<\/script>\n<!-- \/ Yoast SEO plugin. -->","yoast_head_json":{"title":"Blog - S\u00e9curit\u00e9 Incendie National","robots":{"index":"index","follow":"follow","max-snippet":"max-snippet:-1","max-image-preview":"max-image-preview:large","max-video-preview":"max-video-preview:-1"},"canonical":"https:\/\/securite-incendie-national.ca\/fr\/blog\/","og_locale":"fr_FR","og_type":"article","og_title":"Blog - S\u00e9curit\u00e9 Incendie National","og_description":"Blog","og_url":"https:\/\/securite-incendie-national.ca\/fr\/blog\/","og_site_name":"S\u00e9curit\u00e9 Incendie National","article_modified_time":"2026-01-07T10:44:40+00:00","twitter_card":"summary_large_image","twitter_misc":{"Dur\u00e9e de lecture estim\u00e9e":"1 minute"},"schema":{"@context":"https:\/\/schema.org","@graph":[{"@type":"WebPage","@id":"https:\/\/securite-incendie-national.ca\/fr\/blog\/","url":"https:\/\/securite-incendie-national.ca\/fr\/blog\/","name":"Blog - S\u00e9curit\u00e9 Incendie National","isPartOf":{"@id":"https:\/\/securite-incendie-national.ca\/fr\/#website"},"datePublished":"2026-01-06T20:54:36+00:00","dateModified":"2026-01-07T10:44:40+00:00","breadcrumb":{"@id":"https:\/\/securite-incendie-national.ca\/fr\/blog\/#breadcrumb"},"inLanguage":"fr-FR","potentialAction":[{"@type":"ReadAction","target":["https:\/\/securite-incendie-national.ca\/fr\/blog\/"]}]},{"@type":"BreadcrumbList","@id":"https:\/\/securite-incendie-national.ca\/fr\/blog\/#breadcrumb","itemListElement":[{"@type":"ListItem","position":1,"name":"Home","item":"https:\/\/securite-incendie-national.ca\/fr\/"},{"@type":"ListItem","position":2,"name":"Blog"}]},{"@type":"WebSite","@id":"https:\/\/securite-incendie-national.ca\/fr\/#website","url":"https:\/\/securite-incendie-national.ca\/fr\/","name":"S\u00e9curit\u00e9 Incendie National","description":"","publisher":{"@id":"https:\/\/securite-incendie-national.ca\/fr\/#organization"},"potentialAction":[{"@type":"SearchAction","target":{"@type":"EntryPoint","urlTemplate":"https:\/\/securite-incendie-national.ca\/fr\/?s={search_term_string}"},"query-input":{"@type":"PropertyValueSpecification","valueRequired":true,"valueName":"search_term_string"}}],"inLanguage":"fr-FR"},{"@type":"Organization","@id":"https:\/\/securite-incendie-national.ca\/fr\/#organization","name":"S\u00e9curit\u00e9 Incendie National","url":"https:\/\/securite-incendie-national.ca\/fr\/","logo":{"@type":"ImageObject","inLanguage":"fr-FR","@id":"https:\/\/securite-incendie-national.ca\/fr\/#\/schema\/logo\/image\/","url":"https:\/\/securite-incendie-national.ca\/wp-content\/uploads\/2022\/09\/logo-securite-incendie-national-3.png","contentUrl":"https:\/\/securite-incendie-national.ca\/wp-content\/uploads\/2022\/09\/logo-securite-incendie-national-3.png","width":986,"height":221,"caption":"S\u00e9curit\u00e9 Incendie National"},"image":{"@id":"https:\/\/securite-incendie-national.ca\/fr\/#\/schema\/logo\/image\/"}}]}},"_links":{"self":[{"href":"https:\/\/securite-incendie-national.ca\/fr\/wp-json\/wp\/v2\/pages\/4042","targetHints":{"allow":["GET"]}}],"collection":[{"href":"https:\/\/securite-incendie-national.ca\/fr\/wp-json\/wp\/v2\/pages"}],"about":[{"href":"https:\/\/securite-incendie-national.ca\/fr\/wp-json\/wp\/v2\/types\/page"}],"author":[{"embeddable":true,"href":"https:\/\/securite-incendie-national.ca\/fr\/wp-json\/wp\/v2\/users\/6"}],"replies":[{"embeddable":true,"href":"https:\/\/securite-incendie-national.ca\/fr\/wp-json\/wp\/v2\/comments?post=4042"}],"version-history":[{"count":6,"href":"https:\/\/securite-incendie-national.ca\/fr\/wp-json\/wp\/v2\/pages\/4042\/revisions"}],"predecessor-version":[{"id":4077,"href":"https:\/\/securite-incendie-national.ca\/fr\/wp-json\/wp\/v2\/pages\/4042\/revisions\/4077"}],"wp:attachment":[{"href":"https:\/\/securite-incendie-national.ca\/fr\/wp-json\/wp\/v2\/media?parent=4042"}],"curies":[{"name":"wp","href":"https:\/\/api.w.org\/{rel}","templated":true}]}}