{"id":1968,"date":"2022-10-10T20:27:14","date_gmt":"2022-10-10T20:27:14","guid":{"rendered":"http:\/\/localhost\/incendie\/formulaire-de-revision\/"},"modified":"2024-10-24T07:49:50","modified_gmt":"2024-10-24T07:49:50","slug":"formulaire-de-revision","status":"publish","type":"page","link":"https:\/\/securite-incendie-national.ca\/fr\/formulaire-de-revision\/","title":{"rendered":"formulaire de r\u00e9vision"},"content":{"rendered":"\t\t<div data-elementor-type=\"wp-page\" data-elementor-id=\"1968\" class=\"elementor elementor-1968\">\n\t\t\t\t\t\t<section class=\"elementor-section elementor-top-section elementor-element elementor-element-ebb7ed1 blur elementor-section-boxed elementor-section-height-default elementor-section-height-default\" data-id=\"ebb7ed1\" data-element_type=\"section\" data-settings=\"{&quot;background_background&quot;:&quot;classic&quot;}\">\n\t\t\t\t\t\t\t<div class=\"elementor-background-overlay\"><\/div>\n\t\t\t\t\t\t\t<div class=\"elementor-container elementor-column-gap-default\">\n\t\t\t\t\t<div class=\"elementor-column elementor-col-100 elementor-top-column elementor-element elementor-element-be5e847\" data-id=\"be5e847\" data-element_type=\"column\">\n\t\t\t<div class=\"elementor-widget-wrap elementor-element-populated\">\n\t\t\t\t\t\t<div class=\"elementor-element elementor-element-50d8680 elementor-widget elementor-widget-heading\" data-id=\"50d8680\" data-element_type=\"widget\" data-widget_type=\"heading.default\">\n\t\t\t\t<div class=\"elementor-widget-container\">\n\t\t\t\t\t<h1 class=\"elementor-heading-title elementor-size-default\">Laissez-nous un avis.<\/h1>\t\t\t\t<\/div>\n\t\t\t\t<\/div>\n\t\t\t\t<div class=\"elementor-element elementor-element-9b124ae elementor-widget elementor-widget-text-editor\" data-id=\"9b124ae\" data-element_type=\"widget\" data-widget_type=\"text-editor.default\">\n\t\t\t\t<div class=\"elementor-widget-container\">\n\t\t\t\t\t\t\t\t\t<p>\u00c9crivez votre avis ci-dessous.<\/p>\n\t\t\t\t\t\t\t\t<\/div>\n\t\t\t\t<\/div>\n\t\t\t\t\t<\/div>\n\t\t<\/div>\n\t\t\t\t\t<\/div>\n\t\t<\/section>\n\t\t\t\t<section class=\"elementor-section elementor-top-section elementor-element elementor-element-bec9ce9 elementor-section-boxed elementor-section-height-default elementor-section-height-default\" data-id=\"bec9ce9\" data-element_type=\"section\">\n\t\t\t\t\t\t<div class=\"elementor-container elementor-column-gap-default\">\n\t\t\t\t\t<div class=\"elementor-column elementor-col-100 elementor-top-column elementor-element elementor-element-5255ec9\" data-id=\"5255ec9\" data-element_type=\"column\">\n\t\t\t<div class=\"elementor-widget-wrap elementor-element-populated\">\n\t\t\t\t\t\t<section class=\"elementor-section elementor-inner-section elementor-element elementor-element-2b003ec elementor-section-boxed elementor-section-height-default elementor-section-height-default\" data-id=\"2b003ec\" data-element_type=\"section\">\n\t\t\t\t\t\t<div class=\"elementor-container elementor-column-gap-default\">\n\t\t\t\t\t<div class=\"elementor-column elementor-col-50 elementor-inner-column elementor-element elementor-element-02a209b\" data-id=\"02a209b\" data-element_type=\"column\">\n\t\t\t<div class=\"elementor-widget-wrap elementor-element-populated\">\n\t\t\t\t\t\t<div class=\"elementor-element elementor-element-8dec0d8 elementor-widget elementor-widget-heading\" data-id=\"8dec0d8\" data-element_type=\"widget\" data-widget_type=\"heading.default\">\n\t\t\t\t<div class=\"elementor-widget-container\">\n\t\t\t\t\t<h2 class=\"elementor-heading-title elementor-size-default\">Donnez votre avis ?<\/h2>\t\t\t\t<\/div>\n\t\t\t\t<\/div>\n\t\t\t\t\t<\/div>\n\t\t<\/div>\n\t\t\t\t<div class=\"elementor-column elementor-col-50 elementor-inner-column elementor-element elementor-element-2edacb9\" data-id=\"2edacb9\" data-element_type=\"column\">\n\t\t\t<div class=\"elementor-widget-wrap elementor-element-populated\">\n\t\t\t\t\t\t<div class=\"elementor-element elementor-element-c9b1b93 elementor-align-right elementor-mobile-align-left elementor-widget elementor-widget-button\" data-id=\"c9b1b93\" data-element_type=\"widget\" data-widget_type=\"button.default\">\n\t\t\t\t<div class=\"elementor-widget-container\">\n\t\t\t\t\t\t\t\t\t<div class=\"elementor-button-wrapper\">\n\t\t\t\t\t<a class=\"elementor-button elementor-button-link elementor-size-sm\" href=\"https:\/\/securite-incendie-national.ca\/fr\/avis\/\">\n\t\t\t\t\t\t<span class=\"elementor-button-content-wrapper\">\n\t\t\t\t\t\t\t\t\t<span class=\"elementor-button-text\">AVIS DES CLIENTS<\/span>\n\t\t\t\t\t<\/span>\n\t\t\t\t\t<\/a>\n\t\t\t\t<\/div>\n\t\t\t\t\t\t\t\t<\/div>\n\t\t\t\t<\/div>\n\t\t\t\t\t<\/div>\n\t\t<\/div>\n\t\t\t\t\t<\/div>\n\t\t<\/section>\n\t\t\t\t<div class=\"elementor-element elementor-element-ca5809e elementor-widget elementor-widget-shortcode\" data-id=\"ca5809e\" data-element_type=\"widget\" data-widget_type=\"shortcode.default\">\n\t\t\t\t<div class=\"elementor-widget-container\">\n\t\t\t\t\t\t\t<div class=\"elementor-shortcode\"><div class=\"glsr glsr-elementor\" id=\"glsr_9f55b9eb\" data-shortcode='site_reviews_form' data-form_id='glsr_9f55b9eb' data-hide='title' data-id='glsr_9f55b9eb'><div class=\"glsr-form-wrap\">\n    <form class=\"glsr-review-form glsr-form elementor-form\" id=\"\" method=\"post\" enctype=\"multipart\/form-data\">\n        <div class=\"elementor-form-fields-wrapper elementor-labels-above\">\n            <input class=\"elementor-field elementor-field-textual elementor-size-sm\" name=\"site-reviews[_action]\" type=\"hidden\" value=\"submit-review\"><input class=\"elementor-field elementor-field-textual elementor-size-sm\" name=\"site-reviews[_nonce]\" type=\"hidden\" value=\"ab284bcd0b\"><input class=\"elementor-field elementor-field-textual elementor-size-sm\" name=\"site-reviews[_post_id]\" type=\"hidden\" value=\"1968\"><input class=\"elementor-field elementor-field-textual elementor-size-sm\" name=\"site-reviews[_referer]\" type=\"hidden\" value=\"\/fr\/wp-json\/wp\/v2\/pages\/1968\"><input class=\"elementor-field elementor-field-textual elementor-size-sm\" name=\"site-reviews[assigned_posts]\" type=\"hidden\" value=\"\"><input class=\"elementor-field elementor-field-textual elementor-size-sm\" name=\"site-reviews[assigned_terms]\" type=\"hidden\" value=\"\"><input class=\"elementor-field elementor-field-textual elementor-size-sm\" name=\"site-reviews[assigned_users]\" type=\"hidden\" value=\"\"><input class=\"elementor-field elementor-field-textual elementor-size-sm\" name=\"site-reviews[excluded]\" type=\"hidden\" value=\"title\"><input class=\"elementor-field elementor-field-textual elementor-size-sm\" name=\"site-reviews[form_id]\" type=\"hidden\" value=\"glsr_9f55b9eb\"><input class=\"elementor-field elementor-field-textual elementor-size-sm\" name=\"site-reviews[terms_exist]\" type=\"hidden\" value=\"1\"><div class=\"glsr-field\" style=\"display:none;\"><label class=\"glsr-label elementor-field-label glsr-label-text\" for=\"site-reviews-1cdc9e70-glsr_9f55b9eb\"><span>Votre avis<\/span><\/label><input class=\"glsr-input glsr-input-text elementor-field elementor-field-textual elementor-size-sm\" id=\"site-reviews-1cdc9e70-glsr_9f55b9eb\" name=\"site-reviews[1cdc9e70]\" type=\"text\" value=\"\"><\/div><div class=\"glsr-field glsr-field-rating glsr-required elementor-field-required elementor-field-group elementor-column\" data-field=\"rating\">\n    <label class=\"glsr-label elementor-field-label glsr-label-rating\" for=\"site-reviews-rating-glsr_9f55b9eb\"><span>Votre note globale<\/span><\/label>\n    <select class=\"glsr-select browser-default no_wrap no-wrap elementor-field-textual elementor-size-sm\" id=\"site-reviews-rating-glsr_9f55b9eb\" name=\"site-reviews[rating]\" required><option selected value=\"\">S\u00e9lectionnez une note<\/option><option value=\"5\">5 \u00e9toiles<\/option><option value=\"4\">4 \u00e9toiles<\/option><option value=\"3\">3 \u00e9toiles<\/option><option value=\"2\">2 \u00e9toiles<\/option><option value=\"1\">1 \u00e9toile<\/option><\/select>\n    <div class=\"glsr-field-error elementor-message elementor-message-danger elementor-help-inline elementor-form-help-inline\"><\/div>\n<\/div><div class=\"glsr-field glsr-field-textarea glsr-required elementor-field-required elementor-field-type-textarea elementor-field-group elementor-column\" data-field=\"content\">\n    <label class=\"glsr-label elementor-field-label glsr-label-textarea\" for=\"site-reviews-content-glsr_9f55b9eb\"><span>Votre avis<\/span><\/label>\n    <textarea class=\"glsr-textarea elementor-field elementor-field-textual elementor-size-sm\" id=\"site-reviews-content-glsr_9f55b9eb\" name=\"site-reviews[content]\" placeholder=\"Donnez votre avis\" rows=\"5\" required><\/textarea>\n    <div class=\"glsr-field-error elementor-message elementor-message-danger elementor-help-inline elementor-form-help-inline\"><\/div>\n<\/div><div class=\"glsr-field glsr-field-text glsr-required elementor-field-required elementor-field-type-text elementor-field-group elementor-column\" data-field=\"name\">\n    <label class=\"glsr-label elementor-field-label glsr-label-text\" for=\"site-reviews-name-glsr_9f55b9eb\"><span>Votre nom<\/span><\/label>\n    <input class=\"glsr-input glsr-input-text elementor-field elementor-field-textual elementor-size-sm\" id=\"site-reviews-name-glsr_9f55b9eb\" name=\"site-reviews[name]\" type=\"text\" placeholder=\"Donnez votre nom\" required value=\"\">\n    <div class=\"glsr-field-error elementor-message elementor-message-danger elementor-help-inline elementor-form-help-inline\"><\/div>\n<\/div><div class=\"glsr-field glsr-field-email glsr-required elementor-field-required elementor-field-type-email elementor-field-group elementor-column\" data-field=\"email\">\n    <label class=\"glsr-label elementor-field-label glsr-label-email\" for=\"site-reviews-email-glsr_9f55b9eb\"><span>Votre e-mail<\/span><\/label>\n    <input class=\"glsr-input glsr-input-email elementor-field elementor-field-textual elementor-size-sm\" id=\"site-reviews-email-glsr_9f55b9eb\" name=\"site-reviews[email]\" type=\"email\" placeholder=\"Donnez votre e-mail\" required value=\"\">\n    <div class=\"glsr-field-error elementor-message elementor-message-danger elementor-help-inline elementor-form-help-inline\"><\/div>\n<\/div><div class=\"glsr-field glsr-field-choice glsr-required elementor-field-required elementor-field-type-toggle elementor-field-group elementor-column\" data-field=\"terms\">\n    \n    <div class=\"elementor-field-subgroup\">\n        <span class=\"elementor-field-option\">\n    <span class=\"glsr-field-toggle\">\n        <span class=\"glsr-toggle\">\n            <label for=\"site-reviews-terms-glsr_9f55b9eb-1\">Cette note est fond\u00e9e sur ma propre exp\u00e9rience et mon v\u00e9ritable avis.<\/label>\n            <span class=\"glsr-toggle-switch\">\n                <input class=\"glsr-input-toggle\" id=\"site-reviews-terms-glsr_9f55b9eb-1\" name=\"site-reviews[terms]\" type=\"checkbox\" value=\"1\" required> &#8203; <!-- zero-space character for alignment -->\n                <span class=\"glsr-toggle-track\"><\/span>\n            <\/span>\n        <\/span>\n    <\/span>\n<\/span>\n    <\/div>\n    <div class=\"glsr-field-error elementor-message elementor-message-danger elementor-help-inline elementor-form-help-inline\"><\/div>\n<\/div>\n            <div class=\"elementor-field-group elementor-column elementor-field-type-submit elementor-col-100 e-form__buttons\" data-field=\"submit-button\">\n    <button type=\"submit\" class=\"glsr-button elementor-button elementor-size-sm\"\n        aria-busy=\"false\"\n        data-loading=\"Submitting, please wait...\"\n    >Soumettre mon avis<\/button>\n<\/div>\n        <\/div>\n        <div class=\"glsr-form-message elementor-message\">\n    \n<\/div>\n    <\/form>\n<\/div><\/div><\/div>\n\t\t\t\t\t\t<\/div>\n\t\t\t\t<\/div>\n\t\t\t\t\t<\/div>\n\t\t<\/div>\n\t\t\t\t\t<\/div>\n\t\t<\/section>\n\t\t\t\t<\/div>\n\t\t","protected":false},"excerpt":{"rendered":"<p>Laissez-nous un avis. \u00c9crivez votre avis ci-dessous. Donnez votre avis ? AVIS DES CLIENTS<\/p>\n","protected":false},"author":6,"featured_media":0,"parent":0,"menu_order":0,"comment_status":"closed","ping_status":"closed","template":"elementor_header_footer","meta":{"footnotes":""},"class_list":["post-1968","page","type-page","status-publish","hentry"],"acf":[],"yoast_head":"<!-- This site is optimized with the Yoast SEO plugin v25.3.1 - https:\/\/yoast.com\/wordpress\/plugins\/seo\/ -->\n<title>formulaire de r\u00e9vision - S\u00e9curit\u00e9 Incendie National<\/title>\n<meta name=\"robots\" content=\"index, follow, max-snippet:-1, max-image-preview:large, max-video-preview:-1\" \/>\n<link rel=\"canonical\" href=\"https:\/\/securite-incendie-national.ca\/fr\/formulaire-de-revision\/\" \/>\n<meta property=\"og:locale\" content=\"fr_FR\" \/>\n<meta property=\"og:type\" content=\"article\" \/>\n<meta property=\"og:title\" content=\"formulaire de r\u00e9vision - S\u00e9curit\u00e9 Incendie National\" \/>\n<meta property=\"og:description\" content=\"Laissez-nous un avis. \u00c9crivez votre avis ci-dessous. Donnez votre avis ? AVIS DES CLIENTS\" \/>\n<meta property=\"og:url\" content=\"https:\/\/securite-incendie-national.ca\/fr\/formulaire-de-revision\/\" \/>\n<meta property=\"og:site_name\" content=\"S\u00e9curit\u00e9 Incendie National\" \/>\n<meta property=\"article:modified_time\" content=\"2024-10-24T07:49:50+00:00\" \/>\n<meta name=\"twitter:card\" content=\"summary_large_image\" \/>\n<script type=\"application\/ld+json\" class=\"yoast-schema-graph\">{\n\t    \"@context\": \"https:\/\/schema.org\",\n\t    \"@graph\": [\n\t        {\n\t            \"@type\": \"WebPage\",\n\t            \"@id\": \"https:\/\/securite-incendie-national.ca\/fr\/formulaire-de-revision\/\",\n\t            \"url\": \"https:\/\/securite-incendie-national.ca\/fr\/formulaire-de-revision\/\",\n\t            \"name\": \"formulaire de r\u00e9vision - S\u00e9curit\u00e9 Incendie National\",\n\t            \"isPartOf\": {\n\t                \"@id\": \"https:\/\/securite-incendie-national.ca\/fr\/#website\"\n\t            },\n\t            \"datePublished\": \"2022-10-10T20:27:14+00:00\",\n\t            \"dateModified\": \"2024-10-24T07:49:50+00:00\",\n\t            \"breadcrumb\": {\n\t                \"@id\": \"https:\/\/securite-incendie-national.ca\/fr\/formulaire-de-revision\/#breadcrumb\"\n\t            },\n\t            \"inLanguage\": \"fr-FR\",\n\t            \"potentialAction\": [\n\t                {\n\t                    \"@type\": \"ReadAction\",\n\t                    \"target\": [\n\t                        \"https:\/\/securite-incendie-national.ca\/fr\/formulaire-de-revision\/\"\n\t                    ]\n\t                }\n\t            ]\n\t        },\n\t        {\n\t            \"@type\": \"BreadcrumbList\",\n\t            \"@id\": \"https:\/\/securite-incendie-national.ca\/fr\/formulaire-de-revision\/#breadcrumb\",\n\t            \"itemListElement\": [\n\t                {\n\t                    \"@type\": \"ListItem\",\n\t                    \"position\": 1,\n\t                    \"name\": \"Home\",\n\t                    \"item\": \"https:\/\/securite-incendie-national.ca\/fr\/\"\n\t                },\n\t                {\n\t                    \"@type\": \"ListItem\",\n\t                    \"position\": 2,\n\t                    \"name\": \"formulaire de r\u00e9vision\"\n\t                }\n\t            ]\n\t        },\n\t        {\n\t            \"@type\": \"WebSite\",\n\t            \"@id\": \"https:\/\/securite-incendie-national.ca\/fr\/#website\",\n\t            \"url\": \"https:\/\/securite-incendie-national.ca\/fr\/\",\n\t            \"name\": \"S\u00e9curit\u00e9 Incendie National\",\n\t            \"description\": \"\",\n\t            \"publisher\": {\n\t                \"@id\": \"https:\/\/securite-incendie-national.ca\/fr\/#organization\"\n\t            },\n\t            \"potentialAction\": [\n\t                {\n\t                    \"@type\": \"SearchAction\",\n\t                    \"target\": {\n\t                        \"@type\": \"EntryPoint\",\n\t                        \"urlTemplate\": \"https:\/\/securite-incendie-national.ca\/fr\/?s={search_term_string}\"\n\t                    },\n\t                    \"query-input\": {\n\t                        \"@type\": \"PropertyValueSpecification\",\n\t                        \"valueRequired\": true,\n\t                        \"valueName\": \"search_term_string\"\n\t                    }\n\t                }\n\t            ],\n\t            \"inLanguage\": \"fr-FR\"\n\t        },\n\t        {\n\t            \"@type\": \"Organization\",\n\t            \"@id\": \"https:\/\/securite-incendie-national.ca\/fr\/#organization\",\n\t            \"name\": \"S\u00e9curit\u00e9 Incendie National\",\n\t            \"url\": \"https:\/\/securite-incendie-national.ca\/fr\/\",\n\t            \"logo\": {\n\t                \"@type\": \"ImageObject\",\n\t                \"inLanguage\": \"fr-FR\",\n\t                \"@id\": \"https:\/\/securite-incendie-national.ca\/fr\/#\/schema\/logo\/image\/\",\n\t                \"url\": \"https:\/\/securite-incendie-national.ca\/wp-content\/uploads\/2022\/09\/logo-securite-incendie-national-3.png\",\n\t                \"contentUrl\": \"https:\/\/securite-incendie-national.ca\/wp-content\/uploads\/2022\/09\/logo-securite-incendie-national-3.png\",\n\t                \"width\": 986,\n\t                \"height\": 221,\n\t                \"caption\": \"S\u00e9curit\u00e9 Incendie National\"\n\t            },\n\t            \"image\": {\n\t                \"@id\": \"https:\/\/securite-incendie-national.ca\/fr\/#\/schema\/logo\/image\/\"\n\t            }\n\t        }\n\t    ]\n\t}<\/script>\n<!-- \/ Yoast SEO plugin. -->","yoast_head_json":{"title":"formulaire de r\u00e9vision - S\u00e9curit\u00e9 Incendie National","robots":{"index":"index","follow":"follow","max-snippet":"max-snippet:-1","max-image-preview":"max-image-preview:large","max-video-preview":"max-video-preview:-1"},"canonical":"https:\/\/securite-incendie-national.ca\/fr\/formulaire-de-revision\/","og_locale":"fr_FR","og_type":"article","og_title":"formulaire de r\u00e9vision - S\u00e9curit\u00e9 Incendie National","og_description":"Laissez-nous un avis. \u00c9crivez votre avis ci-dessous. Donnez votre avis ? AVIS DES CLIENTS","og_url":"https:\/\/securite-incendie-national.ca\/fr\/formulaire-de-revision\/","og_site_name":"S\u00e9curit\u00e9 Incendie National","article_modified_time":"2024-10-24T07:49:50+00:00","twitter_card":"summary_large_image","schema":{"@context":"https:\/\/schema.org","@graph":[{"@type":"WebPage","@id":"https:\/\/securite-incendie-national.ca\/fr\/formulaire-de-revision\/","url":"https:\/\/securite-incendie-national.ca\/fr\/formulaire-de-revision\/","name":"formulaire de r\u00e9vision - S\u00e9curit\u00e9 Incendie National","isPartOf":{"@id":"https:\/\/securite-incendie-national.ca\/fr\/#website"},"datePublished":"2022-10-10T20:27:14+00:00","dateModified":"2024-10-24T07:49:50+00:00","breadcrumb":{"@id":"https:\/\/securite-incendie-national.ca\/fr\/formulaire-de-revision\/#breadcrumb"},"inLanguage":"fr-FR","potentialAction":[{"@type":"ReadAction","target":["https:\/\/securite-incendie-national.ca\/fr\/formulaire-de-revision\/"]}]},{"@type":"BreadcrumbList","@id":"https:\/\/securite-incendie-national.ca\/fr\/formulaire-de-revision\/#breadcrumb","itemListElement":[{"@type":"ListItem","position":1,"name":"Home","item":"https:\/\/securite-incendie-national.ca\/fr\/"},{"@type":"ListItem","position":2,"name":"formulaire de r\u00e9vision"}]},{"@type":"WebSite","@id":"https:\/\/securite-incendie-national.ca\/fr\/#website","url":"https:\/\/securite-incendie-national.ca\/fr\/","name":"S\u00e9curit\u00e9 Incendie National","description":"","publisher":{"@id":"https:\/\/securite-incendie-national.ca\/fr\/#organization"},"potentialAction":[{"@type":"SearchAction","target":{"@type":"EntryPoint","urlTemplate":"https:\/\/securite-incendie-national.ca\/fr\/?s={search_term_string}"},"query-input":{"@type":"PropertyValueSpecification","valueRequired":true,"valueName":"search_term_string"}}],"inLanguage":"fr-FR"},{"@type":"Organization","@id":"https:\/\/securite-incendie-national.ca\/fr\/#organization","name":"S\u00e9curit\u00e9 Incendie National","url":"https:\/\/securite-incendie-national.ca\/fr\/","logo":{"@type":"ImageObject","inLanguage":"fr-FR","@id":"https:\/\/securite-incendie-national.ca\/fr\/#\/schema\/logo\/image\/","url":"https:\/\/securite-incendie-national.ca\/wp-content\/uploads\/2022\/09\/logo-securite-incendie-national-3.png","contentUrl":"https:\/\/securite-incendie-national.ca\/wp-content\/uploads\/2022\/09\/logo-securite-incendie-national-3.png","width":986,"height":221,"caption":"S\u00e9curit\u00e9 Incendie National"},"image":{"@id":"https:\/\/securite-incendie-national.ca\/fr\/#\/schema\/logo\/image\/"}}]}},"_links":{"self":[{"href":"https:\/\/securite-incendie-national.ca\/fr\/wp-json\/wp\/v2\/pages\/1968","targetHints":{"allow":["GET"]}}],"collection":[{"href":"https:\/\/securite-incendie-national.ca\/fr\/wp-json\/wp\/v2\/pages"}],"about":[{"href":"https:\/\/securite-incendie-national.ca\/fr\/wp-json\/wp\/v2\/types\/page"}],"author":[{"embeddable":true,"href":"https:\/\/securite-incendie-national.ca\/fr\/wp-json\/wp\/v2\/users\/6"}],"replies":[{"embeddable":true,"href":"https:\/\/securite-incendie-national.ca\/fr\/wp-json\/wp\/v2\/comments?post=1968"}],"version-history":[{"count":9,"href":"https:\/\/securite-incendie-national.ca\/fr\/wp-json\/wp\/v2\/pages\/1968\/revisions"}],"predecessor-version":[{"id":3328,"href":"https:\/\/securite-incendie-national.ca\/fr\/wp-json\/wp\/v2\/pages\/1968\/revisions\/3328"}],"wp:attachment":[{"href":"https:\/\/securite-incendie-national.ca\/fr\/wp-json\/wp\/v2\/media?parent=1968"}],"curies":[{"name":"wp","href":"https:\/\/api.w.org\/{rel}","templated":true}]}}