{"id":1955,"date":"2022-09-21T19:53:18","date_gmt":"2022-09-21T19:53:18","guid":{"rendered":"http:\/\/localhost\/incendie\/nous-contacter\/"},"modified":"2025-06-27T13:08:40","modified_gmt":"2025-06-27T13:08:40","slug":"nous-contacter","status":"publish","type":"page","link":"https:\/\/securite-incendie-national.ca\/fr\/nous-contacter\/","title":{"rendered":"Nous contacter"},"content":{"rendered":"\t\t<div data-elementor-type=\"wp-page\" data-elementor-id=\"1955\" class=\"elementor elementor-1955\">\n\t\t\t\t\t\t<section class=\"elementor-section elementor-top-section elementor-element elementor-element-a679b1f elementor-section-boxed elementor-section-height-default elementor-section-height-default\" data-id=\"a679b1f\" data-element_type=\"section\" data-settings=\"{&quot;background_background&quot;:&quot;classic&quot;}\">\n\t\t\t\t\t\t\t<div class=\"elementor-background-overlay\"><\/div>\n\t\t\t\t\t\t\t<div class=\"elementor-container elementor-column-gap-default\">\n\t\t\t\t\t<div class=\"elementor-column elementor-col-100 elementor-top-column elementor-element elementor-element-a816bd0\" data-id=\"a816bd0\" data-element_type=\"column\">\n\t\t\t<div class=\"elementor-widget-wrap elementor-element-populated\">\n\t\t\t\t\t\t<div class=\"elementor-element elementor-element-aae4c94 elementor-widget elementor-widget-heading\" data-id=\"aae4c94\" data-element_type=\"widget\" data-widget_type=\"heading.default\">\n\t\t\t\t<div class=\"elementor-widget-container\">\n\t\t\t\t\t<h1 class=\"elementor-heading-title elementor-size-default\">Nous contacter<\/h1>\t\t\t\t<\/div>\n\t\t\t\t<\/div>\n\t\t\t\t\t<\/div>\n\t\t<\/div>\n\t\t\t\t\t<\/div>\n\t\t<\/section>\n\t\t\t\t<section class=\"elementor-section elementor-top-section elementor-element elementor-element-579efbe elementor-section-boxed elementor-section-height-default elementor-section-height-default\" data-id=\"579efbe\" data-element_type=\"section\">\n\t\t\t\t\t\t<div class=\"elementor-container elementor-column-gap-default\">\n\t\t\t\t\t<div class=\"elementor-column elementor-col-100 elementor-top-column elementor-element elementor-element-b9119ae\" data-id=\"b9119ae\" data-element_type=\"column\" data-settings=\"{&quot;background_background&quot;:&quot;classic&quot;}\">\n\t\t\t<div class=\"elementor-widget-wrap elementor-element-populated\">\n\t\t\t\t\t\t<div class=\"elementor-element elementor-element-3fffd09 elementor-widget elementor-widget-heading\" data-id=\"3fffd09\" data-element_type=\"widget\" data-widget_type=\"heading.default\">\n\t\t\t\t<div class=\"elementor-widget-container\">\n\t\t\t\t\t<h2 class=\"elementor-heading-title elementor-size-default\">Estimation verbale sans d\u00e9placement gratuite !<\/h2>\t\t\t\t<\/div>\n\t\t\t\t<\/div>\n\t\t\t\t<div class=\"elementor-element elementor-element-08dc1fe elementor-widget elementor-widget-text-editor\" data-id=\"08dc1fe\" data-element_type=\"widget\" data-widget_type=\"text-editor.default\">\n\t\t\t\t<div class=\"elementor-widget-container\">\n\t\t\t\t\t\t\t\t\t<p>Soumission \u00e9crite avec d\u00e9placement r\u00e9trofinanc\u00e9.<\/p>\n\t\t\t\t\t\t\t\t<\/div>\n\t\t\t\t<\/div>\n\t\t\t\t\t<\/div>\n\t\t<\/div>\n\t\t\t\t\t<\/div>\n\t\t<\/section>\n\t\t\t\t<\/div>\n\t\t","protected":false},"excerpt":{"rendered":"<p>Nous contacter Estimation verbale sans d\u00e9placement gratuite ! Soumission \u00e9crite avec d\u00e9placement r\u00e9trofinanc\u00e9.<\/p>\n","protected":false},"author":6,"featured_media":0,"parent":0,"menu_order":0,"comment_status":"closed","ping_status":"closed","template":"elementor_header_footer","meta":{"footnotes":""},"class_list":["post-1955","page","type-page","status-publish","hentry"],"acf":[],"yoast_head":"<!-- This site is optimized with the Yoast SEO plugin v25.3.1 - https:\/\/yoast.com\/wordpress\/plugins\/seo\/ -->\n<title>Contactez-nous | S\u00e9curit\u00e9 Incendie National \u2013 Experts Certifi\u00e9s<\/title>\n<meta name=\"description\" content=\"Besoin d\u2019une inspection ou d\u2019une estimation gratuite ? Contactez S\u00e9curit\u00e9 Incendie National. Experts certifi\u00e9s \u00e0 Montr\u00e9al, Laval et Longueuil\" \/>\n<meta name=\"robots\" content=\"index, follow, max-snippet:-1, max-image-preview:large, max-video-preview:-1\" \/>\n<link rel=\"canonical\" href=\"https:\/\/securite-incendie-national.ca\/fr\/nous-contacter\/\" \/>\n<meta property=\"og:locale\" content=\"fr_FR\" \/>\n<meta property=\"og:type\" content=\"article\" \/>\n<meta property=\"og:title\" content=\"Contactez-nous | S\u00e9curit\u00e9 Incendie National \u2013 Experts Certifi\u00e9s\" \/>\n<meta property=\"og:description\" content=\"Besoin d\u2019une inspection ou d\u2019une estimation gratuite ? Contactez S\u00e9curit\u00e9 Incendie National. Experts certifi\u00e9s \u00e0 Montr\u00e9al, Laval et Longueuil\" \/>\n<meta property=\"og:url\" content=\"https:\/\/securite-incendie-national.ca\/fr\/nous-contacter\/\" \/>\n<meta property=\"og:site_name\" content=\"S\u00e9curit\u00e9 Incendie National\" \/>\n<meta property=\"article:modified_time\" content=\"2025-06-27T13:08:40+00:00\" \/>\n<meta name=\"twitter:card\" content=\"summary_large_image\" \/>\n<meta name=\"twitter:label1\" content=\"Dur\u00e9e de lecture estim\u00e9e\" \/>\n\t<meta name=\"twitter:data1\" content=\"1 minute\" \/>\n<script type=\"application\/ld+json\" class=\"yoast-schema-graph\">{\"@context\":\"https:\/\/schema.org\",\"@graph\":[{\"@type\":\"WebPage\",\"@id\":\"https:\/\/securite-incendie-national.ca\/fr\/nous-contacter\/\",\"url\":\"https:\/\/securite-incendie-national.ca\/fr\/nous-contacter\/\",\"name\":\"Contactez-nous | S\u00e9curit\u00e9 Incendie National \u2013 Experts Certifi\u00e9s\",\"isPartOf\":{\"@id\":\"https:\/\/securite-incendie-national.ca\/fr\/#website\"},\"datePublished\":\"2022-09-21T19:53:18+00:00\",\"dateModified\":\"2025-06-27T13:08:40+00:00\",\"description\":\"Besoin d\u2019une inspection ou d\u2019une estimation gratuite ? Contactez S\u00e9curit\u00e9 Incendie National. Experts certifi\u00e9s \u00e0 Montr\u00e9al, Laval et Longueuil\",\"breadcrumb\":{\"@id\":\"https:\/\/securite-incendie-national.ca\/fr\/nous-contacter\/#breadcrumb\"},\"inLanguage\":\"fr-FR\",\"potentialAction\":[{\"@type\":\"ReadAction\",\"target\":[\"https:\/\/securite-incendie-national.ca\/fr\/nous-contacter\/\"]}]},{\"@type\":\"BreadcrumbList\",\"@id\":\"https:\/\/securite-incendie-national.ca\/fr\/nous-contacter\/#breadcrumb\",\"itemListElement\":[{\"@type\":\"ListItem\",\"position\":1,\"name\":\"Home\",\"item\":\"https:\/\/securite-incendie-national.ca\/fr\/\"},{\"@type\":\"ListItem\",\"position\":2,\"name\":\"Nous contacter\"}]},{\"@type\":\"WebSite\",\"@id\":\"https:\/\/securite-incendie-national.ca\/fr\/#website\",\"url\":\"https:\/\/securite-incendie-national.ca\/fr\/\",\"name\":\"S\u00e9curit\u00e9 Incendie National\",\"description\":\"\",\"publisher\":{\"@id\":\"https:\/\/securite-incendie-national.ca\/fr\/#organization\"},\"potentialAction\":[{\"@type\":\"SearchAction\",\"target\":{\"@type\":\"EntryPoint\",\"urlTemplate\":\"https:\/\/securite-incendie-national.ca\/fr\/?s={search_term_string}\"},\"query-input\":{\"@type\":\"PropertyValueSpecification\",\"valueRequired\":true,\"valueName\":\"search_term_string\"}}],\"inLanguage\":\"fr-FR\"},{\"@type\":\"Organization\",\"@id\":\"https:\/\/securite-incendie-national.ca\/fr\/#organization\",\"name\":\"S\u00e9curit\u00e9 Incendie National\",\"url\":\"https:\/\/securite-incendie-national.ca\/fr\/\",\"logo\":{\"@type\":\"ImageObject\",\"inLanguage\":\"fr-FR\",\"@id\":\"https:\/\/securite-incendie-national.ca\/fr\/#\/schema\/logo\/image\/\",\"url\":\"https:\/\/securite-incendie-national.ca\/wp-content\/uploads\/2022\/09\/logo-securite-incendie-national-3.png\",\"contentUrl\":\"https:\/\/securite-incendie-national.ca\/wp-content\/uploads\/2022\/09\/logo-securite-incendie-national-3.png\",\"width\":986,\"height\":221,\"caption\":\"S\u00e9curit\u00e9 Incendie National\"},\"image\":{\"@id\":\"https:\/\/securite-incendie-national.ca\/fr\/#\/schema\/logo\/image\/\"}}]}<\/script>\n<!-- \/ Yoast SEO plugin. -->","yoast_head_json":{"title":"Contactez-nous | S\u00e9curit\u00e9 Incendie National \u2013 Experts Certifi\u00e9s","description":"Besoin d\u2019une inspection ou d\u2019une estimation gratuite ? Contactez S\u00e9curit\u00e9 Incendie National. Experts certifi\u00e9s \u00e0 Montr\u00e9al, Laval et Longueuil","robots":{"index":"index","follow":"follow","max-snippet":"max-snippet:-1","max-image-preview":"max-image-preview:large","max-video-preview":"max-video-preview:-1"},"canonical":"https:\/\/securite-incendie-national.ca\/fr\/nous-contacter\/","og_locale":"fr_FR","og_type":"article","og_title":"Contactez-nous | S\u00e9curit\u00e9 Incendie National \u2013 Experts Certifi\u00e9s","og_description":"Besoin d\u2019une inspection ou d\u2019une estimation gratuite ? Contactez S\u00e9curit\u00e9 Incendie National. Experts certifi\u00e9s \u00e0 Montr\u00e9al, Laval et Longueuil","og_url":"https:\/\/securite-incendie-national.ca\/fr\/nous-contacter\/","og_site_name":"S\u00e9curit\u00e9 Incendie National","article_modified_time":"2025-06-27T13:08:40+00:00","twitter_card":"summary_large_image","twitter_misc":{"Dur\u00e9e de lecture estim\u00e9e":"1 minute"},"schema":{"@context":"https:\/\/schema.org","@graph":[{"@type":"WebPage","@id":"https:\/\/securite-incendie-national.ca\/fr\/nous-contacter\/","url":"https:\/\/securite-incendie-national.ca\/fr\/nous-contacter\/","name":"Contactez-nous | S\u00e9curit\u00e9 Incendie National \u2013 Experts Certifi\u00e9s","isPartOf":{"@id":"https:\/\/securite-incendie-national.ca\/fr\/#website"},"datePublished":"2022-09-21T19:53:18+00:00","dateModified":"2025-06-27T13:08:40+00:00","description":"Besoin d\u2019une inspection ou d\u2019une estimation gratuite ? Contactez S\u00e9curit\u00e9 Incendie National. Experts certifi\u00e9s \u00e0 Montr\u00e9al, Laval et Longueuil","breadcrumb":{"@id":"https:\/\/securite-incendie-national.ca\/fr\/nous-contacter\/#breadcrumb"},"inLanguage":"fr-FR","potentialAction":[{"@type":"ReadAction","target":["https:\/\/securite-incendie-national.ca\/fr\/nous-contacter\/"]}]},{"@type":"BreadcrumbList","@id":"https:\/\/securite-incendie-national.ca\/fr\/nous-contacter\/#breadcrumb","itemListElement":[{"@type":"ListItem","position":1,"name":"Home","item":"https:\/\/securite-incendie-national.ca\/fr\/"},{"@type":"ListItem","position":2,"name":"Nous contacter"}]},{"@type":"WebSite","@id":"https:\/\/securite-incendie-national.ca\/fr\/#website","url":"https:\/\/securite-incendie-national.ca\/fr\/","name":"S\u00e9curit\u00e9 Incendie National","description":"","publisher":{"@id":"https:\/\/securite-incendie-national.ca\/fr\/#organization"},"potentialAction":[{"@type":"SearchAction","target":{"@type":"EntryPoint","urlTemplate":"https:\/\/securite-incendie-national.ca\/fr\/?s={search_term_string}"},"query-input":{"@type":"PropertyValueSpecification","valueRequired":true,"valueName":"search_term_string"}}],"inLanguage":"fr-FR"},{"@type":"Organization","@id":"https:\/\/securite-incendie-national.ca\/fr\/#organization","name":"S\u00e9curit\u00e9 Incendie National","url":"https:\/\/securite-incendie-national.ca\/fr\/","logo":{"@type":"ImageObject","inLanguage":"fr-FR","@id":"https:\/\/securite-incendie-national.ca\/fr\/#\/schema\/logo\/image\/","url":"https:\/\/securite-incendie-national.ca\/wp-content\/uploads\/2022\/09\/logo-securite-incendie-national-3.png","contentUrl":"https:\/\/securite-incendie-national.ca\/wp-content\/uploads\/2022\/09\/logo-securite-incendie-national-3.png","width":986,"height":221,"caption":"S\u00e9curit\u00e9 Incendie National"},"image":{"@id":"https:\/\/securite-incendie-national.ca\/fr\/#\/schema\/logo\/image\/"}}]}},"_links":{"self":[{"href":"https:\/\/securite-incendie-national.ca\/fr\/wp-json\/wp\/v2\/pages\/1955","targetHints":{"allow":["GET"]}}],"collection":[{"href":"https:\/\/securite-incendie-national.ca\/fr\/wp-json\/wp\/v2\/pages"}],"about":[{"href":"https:\/\/securite-incendie-national.ca\/fr\/wp-json\/wp\/v2\/types\/page"}],"author":[{"embeddable":true,"href":"https:\/\/securite-incendie-national.ca\/fr\/wp-json\/wp\/v2\/users\/6"}],"replies":[{"embeddable":true,"href":"https:\/\/securite-incendie-national.ca\/fr\/wp-json\/wp\/v2\/comments?post=1955"}],"version-history":[{"count":10,"href":"https:\/\/securite-incendie-national.ca\/fr\/wp-json\/wp\/v2\/pages\/1955\/revisions"}],"predecessor-version":[{"id":2946,"href":"https:\/\/securite-incendie-national.ca\/fr\/wp-json\/wp\/v2\/pages\/1955\/revisions\/2946"}],"wp:attachment":[{"href":"https:\/\/securite-incendie-national.ca\/fr\/wp-json\/wp\/v2\/media?parent=1955"}],"curies":[{"name":"wp","href":"https:\/\/api.w.org\/{rel}","templated":true}]}}