{"id":1941,"date":"2022-09-21T19:53:01","date_gmt":"2022-09-21T19:53:01","guid":{"rendered":"http:\/\/localhost\/incendie\/video\/"},"modified":"2025-06-27T12:58:46","modified_gmt":"2025-06-27T12:58:46","slug":"video","status":"publish","type":"page","link":"https:\/\/securite-incendie-national.ca\/fr\/video\/","title":{"rendered":"Vid\u00e9o"},"content":{"rendered":"\t\t<div data-elementor-type=\"wp-page\" data-elementor-id=\"1941\" class=\"elementor elementor-1941\">\n\t\t\t\t\t\t<section class=\"elementor-section elementor-top-section elementor-element elementor-element-4f06118 elementor-section-height-min-height elementor-section-boxed elementor-section-height-default elementor-section-items-middle\" data-id=\"4f06118\" data-element_type=\"section\" data-settings=\"{&quot;background_background&quot;:&quot;classic&quot;}\">\n\t\t\t\t\t\t<div class=\"elementor-container elementor-column-gap-default\">\n\t\t\t\t\t<div class=\"elementor-column elementor-col-100 elementor-top-column elementor-element elementor-element-e8f0575\" data-id=\"e8f0575\" data-element_type=\"column\">\n\t\t\t<div class=\"elementor-widget-wrap\">\n\t\t\t\t\t\t\t<\/div>\n\t\t<\/div>\n\t\t\t\t\t<\/div>\n\t\t<\/section>\n\t\t\t\t<section class=\"elementor-section elementor-top-section elementor-element elementor-element-3e88eee elementor-section-boxed elementor-section-height-default elementor-section-height-default\" data-id=\"3e88eee\" data-element_type=\"section\" data-settings=\"{&quot;background_background&quot;:&quot;classic&quot;}\">\n\t\t\t\t\t\t\t<div class=\"elementor-background-overlay\"><\/div>\n\t\t\t\t\t\t\t<div class=\"elementor-container elementor-column-gap-default\">\n\t\t\t\t\t<div class=\"elementor-column elementor-col-100 elementor-top-column elementor-element elementor-element-6ad9257\" data-id=\"6ad9257\" data-element_type=\"column\">\n\t\t\t<div class=\"elementor-widget-wrap elementor-element-populated\">\n\t\t\t\t\t\t<div class=\"elementor-element elementor-element-738e50a elementor-widget elementor-widget-heading\" data-id=\"738e50a\" data-element_type=\"widget\" data-widget_type=\"heading.default\">\n\t\t\t\t<div class=\"elementor-widget-container\">\n\t\t\t\t\t<h2 class=\"elementor-heading-title elementor-size-default\">Vid\u00e9os<\/h2>\t\t\t\t<\/div>\n\t\t\t\t<\/div>\n\t\t\t\t<div class=\"elementor-element elementor-element-a55d033 elementor-widget elementor-widget-video\" data-id=\"a55d033\" data-element_type=\"widget\" data-settings=\"{&quot;youtube_url&quot;:&quot;https:\\\/\\\/www.youtube.com\\\/watch?v=bTgFScec6yc&quot;,&quot;video_type&quot;:&quot;youtube&quot;,&quot;controls&quot;:&quot;yes&quot;}\" data-widget_type=\"video.default\">\n\t\t\t\t<div class=\"elementor-widget-container\">\n\t\t\t\t\t\t\t<div class=\"elementor-wrapper elementor-open-inline\">\n\t\t\t<div class=\"elementor-video\"><\/div>\t\t<\/div>\n\t\t\t\t\t\t<\/div>\n\t\t\t\t<\/div>\n\t\t\t\t\t<\/div>\n\t\t<\/div>\n\t\t\t\t\t<\/div>\n\t\t<\/section>\n\t\t\t\t<section class=\"elementor-section elementor-top-section elementor-element elementor-element-78166e9 elementor-section-boxed elementor-section-height-default elementor-section-height-default\" data-id=\"78166e9\" data-element_type=\"section\">\n\t\t\t\t\t\t<div class=\"elementor-container elementor-column-gap-default\">\n\t\t\t\t\t<div class=\"elementor-column elementor-col-50 elementor-top-column elementor-element elementor-element-2d957f1\" data-id=\"2d957f1\" data-element_type=\"column\">\n\t\t\t<div class=\"elementor-widget-wrap elementor-element-populated\">\n\t\t\t\t\t\t<div class=\"elementor-element elementor-element-2efa903 elementor-widget elementor-widget-video\" data-id=\"2efa903\" data-element_type=\"widget\" data-settings=\"{&quot;youtube_url&quot;:&quot;https:\\\/\\\/www.youtube.com\\\/watch?v=YT8Aurl8Nnk&quot;,&quot;video_type&quot;:&quot;youtube&quot;,&quot;controls&quot;:&quot;yes&quot;}\" data-widget_type=\"video.default\">\n\t\t\t\t<div class=\"elementor-widget-container\">\n\t\t\t\t\t\t\t<div class=\"elementor-wrapper elementor-open-inline\">\n\t\t\t<div class=\"elementor-video\"><\/div>\t\t<\/div>\n\t\t\t\t\t\t<\/div>\n\t\t\t\t<\/div>\n\t\t\t\t\t<\/div>\n\t\t<\/div>\n\t\t\t\t<div class=\"elementor-column elementor-col-50 elementor-top-column elementor-element elementor-element-6e33f3a\" data-id=\"6e33f3a\" data-element_type=\"column\">\n\t\t\t<div class=\"elementor-widget-wrap elementor-element-populated\">\n\t\t\t\t\t\t<div class=\"elementor-element elementor-element-37504d3 elementor-widget elementor-widget-video\" data-id=\"37504d3\" data-element_type=\"widget\" data-settings=\"{&quot;youtube_url&quot;:&quot;https:\\\/\\\/www.youtube.com\\\/watch?v=eX3BuoArruw&quot;,&quot;video_type&quot;:&quot;youtube&quot;,&quot;controls&quot;:&quot;yes&quot;}\" data-widget_type=\"video.default\">\n\t\t\t\t<div class=\"elementor-widget-container\">\n\t\t\t\t\t\t\t<div class=\"elementor-wrapper elementor-open-inline\">\n\t\t\t<div class=\"elementor-video\"><\/div>\t\t<\/div>\n\t\t\t\t\t\t<\/div>\n\t\t\t\t<\/div>\n\t\t\t\t\t<\/div>\n\t\t<\/div>\n\t\t\t\t\t<\/div>\n\t\t<\/section>\n\t\t\t\t<section class=\"elementor-section elementor-top-section elementor-element elementor-element-3e30e8d elementor-section-boxed elementor-section-height-default elementor-section-height-default\" data-id=\"3e30e8d\" data-element_type=\"section\">\n\t\t\t\t\t\t<div class=\"elementor-container elementor-column-gap-default\">\n\t\t\t\t\t<div class=\"elementor-column elementor-col-50 elementor-top-column elementor-element elementor-element-40c6828\" data-id=\"40c6828\" data-element_type=\"column\">\n\t\t\t<div class=\"elementor-widget-wrap elementor-element-populated\">\n\t\t\t\t\t\t<div class=\"elementor-element elementor-element-9e804cc elementor-widget elementor-widget-video\" data-id=\"9e804cc\" data-element_type=\"widget\" data-settings=\"{&quot;youtube_url&quot;:&quot;https:\\\/\\\/www.youtube.com\\\/watch?v=a3XZsprjcLQ&quot;,&quot;video_type&quot;:&quot;youtube&quot;,&quot;controls&quot;:&quot;yes&quot;}\" data-widget_type=\"video.default\">\n\t\t\t\t<div class=\"elementor-widget-container\">\n\t\t\t\t\t\t\t<div class=\"elementor-wrapper elementor-open-inline\">\n\t\t\t<div class=\"elementor-video\"><\/div>\t\t<\/div>\n\t\t\t\t\t\t<\/div>\n\t\t\t\t<\/div>\n\t\t\t\t\t<\/div>\n\t\t<\/div>\n\t\t\t\t<div class=\"elementor-column elementor-col-50 elementor-top-column elementor-element elementor-element-f77c4ea\" data-id=\"f77c4ea\" data-element_type=\"column\">\n\t\t\t<div class=\"elementor-widget-wrap elementor-element-populated\">\n\t\t\t\t\t\t<div class=\"elementor-element elementor-element-70862b1 elementor-widget elementor-widget-video\" data-id=\"70862b1\" data-element_type=\"widget\" data-settings=\"{&quot;youtube_url&quot;:&quot;https:\\\/\\\/www.youtube.com\\\/watch?v=vChK7unxNC4&quot;,&quot;video_type&quot;:&quot;youtube&quot;,&quot;controls&quot;:&quot;yes&quot;}\" data-widget_type=\"video.default\">\n\t\t\t\t<div class=\"elementor-widget-container\">\n\t\t\t\t\t\t\t<div class=\"elementor-wrapper elementor-open-inline\">\n\t\t\t<div class=\"elementor-video\"><\/div>\t\t<\/div>\n\t\t\t\t\t\t<\/div>\n\t\t\t\t<\/div>\n\t\t\t\t\t<\/div>\n\t\t<\/div>\n\t\t\t\t\t<\/div>\n\t\t<\/section>\n\t\t\t\t<section class=\"elementor-section elementor-top-section elementor-element elementor-element-4982fad blur elementor-section-boxed elementor-section-height-default elementor-section-height-default\" data-id=\"4982fad\" data-element_type=\"section\" data-settings=\"{&quot;background_background&quot;:&quot;classic&quot;}\">\n\t\t\t\t\t\t\t<div class=\"elementor-background-overlay\"><\/div>\n\t\t\t\t\t\t\t<div class=\"elementor-container elementor-column-gap-default\">\n\t\t\t\t\t<div class=\"elementor-column elementor-col-100 elementor-top-column elementor-element elementor-element-5716fb7\" data-id=\"5716fb7\" data-element_type=\"column\">\n\t\t\t<div class=\"elementor-widget-wrap elementor-element-populated\">\n\t\t\t\t\t\t<div class=\"elementor-element elementor-element-4a4668a elementor-widget elementor-widget-heading\" data-id=\"4a4668a\" data-element_type=\"widget\" data-widget_type=\"heading.default\">\n\t\t\t\t<div class=\"elementor-widget-container\">\n\t\t\t\t\t<h2 class=\"elementor-heading-title elementor-size-default\">\u00e0 <span>propos<\/span><\/h2>\t\t\t\t<\/div>\n\t\t\t\t<\/div>\n\t\t\t\t<div class=\"elementor-element elementor-element-32d22e7 elementor-widget elementor-widget-text-editor\" data-id=\"32d22e7\" data-element_type=\"widget\" data-widget_type=\"text-editor.default\">\n\t\t\t\t<div class=\"elementor-widget-container\">\n\t\t\t\t\t\t\t\t\t<div id=\"row_SECTION_H2O2MC6YYQ\" class=\"row\">\n<div id=\"col_COLUMN_P34MX3GKFQ\" class=\"large-24 columns\">\n<div id=\"text_BLOCK_9LRIM4ZATQ\" class=\"block-text blk-text animations-scroll in-view-up\">\n<blockquote>\n<p>Nous sommes habilit\u00e9s \u00e0 discuter avec les municipalit\u00e9s, les compagnies d&rsquo;assurances et la Comission des normes, de l&rsquo;\u00e9quit\u00e9, de la sant\u00e9 et de la s\u00e9curit\u00e9 du travail (CNESST) afin de relativiser les situations de non conformit\u00e9s \u00e9mises. Nous agissons en fonction du National Fire Protection Association (NFPA), Code National Pr\u00e9vention Incendie (CNPI), Code National du b\u00e2timent (CNB), la r\u00e9gie du b\u00e2timent du Qu\u00e9bec (RBQ) ainsi que la s\u00e9curit\u00e9 publique du Qu\u00e9bec. <\/p>\n<\/blockquote>\n<\/div>\n<\/div>\n<\/div>\n<div id=\"row_SECTION_I2YK8WZNYQ\" class=\"row sectionideal2-cta section-background-image full-width\">\n<div id=\"col_COLUMN_HHSUSPBP4S\" class=\"large-24 columns\">\n<div id=\"text_BLOCK_BB95XKDZON\" class=\"block-text blk-text emphasis animations-scroll in-view-up\"> <\/div>\n<\/div>\n<\/div>\n\t\t\t\t\t\t\t\t<\/div>\n\t\t\t\t<\/div>\n\t\t\t\t<div class=\"elementor-element elementor-element-7dcc129 elementor-widget elementor-widget-text-editor\" data-id=\"7dcc129\" data-element_type=\"widget\" data-widget_type=\"text-editor.default\">\n\t\t\t\t<div class=\"elementor-widget-container\">\n\t\t\t\t\t\t\t\t\t<p>Pour en savoir plus, <a class=\"description-link\" href=\"https:\/\/securite-incendie-national.ca\/fr\/nous-contacter\/\">contactez-nous<\/a><\/p>\n\t\t\t\t\t\t\t\t<\/div>\n\t\t\t\t<\/div>\n\t\t\t\t<div class=\"elementor-element elementor-element-13cc64b elementor-align-center elementor-widget elementor-widget-button\" data-id=\"13cc64b\" data-element_type=\"widget\" data-widget_type=\"button.default\">\n\t\t\t\t<div class=\"elementor-widget-container\">\n\t\t\t\t\t\t\t\t\t<div class=\"elementor-button-wrapper\">\n\t\t\t\t\t<a class=\"elementor-button elementor-button-link elementor-size-sm\" href=\"https:\/\/securite-incendie-national.ca\/fr\/nous-contacter\/\">\n\t\t\t\t\t\t<span class=\"elementor-button-content-wrapper\">\n\t\t\t\t\t\t\t\t\t<span class=\"elementor-button-text\">Se renseigner d'avantage<\/span>\n\t\t\t\t\t<\/span>\n\t\t\t\t\t<\/a>\n\t\t\t\t<\/div>\n\t\t\t\t\t\t\t\t<\/div>\n\t\t\t\t<\/div>\n\t\t\t\t\t<\/div>\n\t\t<\/div>\n\t\t\t\t\t<\/div>\n\t\t<\/section>\n\t\t\t\t<\/div>\n\t\t","protected":false},"excerpt":{"rendered":"<p>Vid\u00e9os https:\/\/www.youtube.com\/watch?v=bTgFScec6ychttps:\/\/www.youtube.com\/watch?v=YT8Aurl8Nnkhttps:\/\/www.youtube.com\/watch?v=eX3BuoArruwhttps:\/\/www.youtube.com\/watch?v=a3XZsprjcLQhttps:\/\/www.youtube.com\/watch?v=vChK7unxNC4 \u00e0 propos Nous sommes habilit\u00e9s \u00e0 discuter avec les municipalit\u00e9s, les compagnies d&rsquo;assurances et la Comission des normes, de l&rsquo;\u00e9quit\u00e9, de la sant\u00e9 et de la s\u00e9curit\u00e9 du travail (CNESST) afin de relativiser les situations de non conformit\u00e9s \u00e9mises. Nous agissons en fonction du National Fire Protection Association (NFPA), Code National Pr\u00e9vention Incendie [&hellip;]<\/p>\n","protected":false},"author":6,"featured_media":0,"parent":0,"menu_order":0,"comment_status":"closed","ping_status":"closed","template":"elementor_header_footer","meta":{"footnotes":""},"class_list":["post-1941","page","type-page","status-publish","hentry"],"acf":[],"yoast_head":"<!-- This site is optimized with the Yoast SEO plugin v25.3.1 - https:\/\/yoast.com\/wordpress\/plugins\/seo\/ -->\n<title>S\u00e9curit\u00e9 Incendie National Experts en Pr\u00e9vention Incendie<\/title>\n<meta name=\"description\" content=\"D\u00e9couvrez S\u00e9curit\u00e9 Incendie National : experts certifi\u00e9s en inspection, v\u00e9rification et conformit\u00e9 incendie \u00e0 Montr\u00e9al, Laval et Longueuil.\" \/>\n<meta name=\"robots\" content=\"index, follow, max-snippet:-1, max-image-preview:large, max-video-preview:-1\" \/>\n<link rel=\"canonical\" href=\"https:\/\/securite-incendie-national.ca\/fr\/video\/\" \/>\n<meta property=\"og:locale\" content=\"fr_FR\" \/>\n<meta property=\"og:type\" content=\"article\" \/>\n<meta property=\"og:title\" content=\"S\u00e9curit\u00e9 Incendie National Experts en Pr\u00e9vention Incendie\" \/>\n<meta property=\"og:description\" content=\"D\u00e9couvrez S\u00e9curit\u00e9 Incendie National : experts certifi\u00e9s en inspection, v\u00e9rification et conformit\u00e9 incendie \u00e0 Montr\u00e9al, Laval et Longueuil.\" \/>\n<meta property=\"og:url\" content=\"https:\/\/securite-incendie-national.ca\/fr\/video\/\" \/>\n<meta property=\"og:site_name\" content=\"S\u00e9curit\u00e9 Incendie National\" \/>\n<meta property=\"article:modified_time\" content=\"2025-06-27T12:58:46+00:00\" \/>\n<meta name=\"twitter:card\" content=\"summary_large_image\" \/>\n<meta name=\"twitter:label1\" content=\"Dur\u00e9e de lecture estim\u00e9e\" \/>\n\t<meta name=\"twitter:data1\" content=\"1 minute\" \/>\n<script type=\"application\/ld+json\" class=\"yoast-schema-graph\">{\"@context\":\"https:\/\/schema.org\",\"@graph\":[{\"@type\":\"WebPage\",\"@id\":\"https:\/\/securite-incendie-national.ca\/fr\/video\/\",\"url\":\"https:\/\/securite-incendie-national.ca\/fr\/video\/\",\"name\":\"S\u00e9curit\u00e9 Incendie National Experts en Pr\u00e9vention Incendie\",\"isPartOf\":{\"@id\":\"https:\/\/securite-incendie-national.ca\/fr\/#website\"},\"datePublished\":\"2022-09-21T19:53:01+00:00\",\"dateModified\":\"2025-06-27T12:58:46+00:00\",\"description\":\"D\u00e9couvrez S\u00e9curit\u00e9 Incendie National : experts certifi\u00e9s en inspection, v\u00e9rification et conformit\u00e9 incendie \u00e0 Montr\u00e9al, Laval et Longueuil.\",\"breadcrumb\":{\"@id\":\"https:\/\/securite-incendie-national.ca\/fr\/video\/#breadcrumb\"},\"inLanguage\":\"fr-FR\",\"potentialAction\":[{\"@type\":\"ReadAction\",\"target\":[\"https:\/\/securite-incendie-national.ca\/fr\/video\/\"]}]},{\"@type\":\"BreadcrumbList\",\"@id\":\"https:\/\/securite-incendie-national.ca\/fr\/video\/#breadcrumb\",\"itemListElement\":[{\"@type\":\"ListItem\",\"position\":1,\"name\":\"Home\",\"item\":\"https:\/\/securite-incendie-national.ca\/fr\/\"},{\"@type\":\"ListItem\",\"position\":2,\"name\":\"Vid\u00e9o\"}]},{\"@type\":\"WebSite\",\"@id\":\"https:\/\/securite-incendie-national.ca\/fr\/#website\",\"url\":\"https:\/\/securite-incendie-national.ca\/fr\/\",\"name\":\"S\u00e9curit\u00e9 Incendie National\",\"description\":\"\",\"publisher\":{\"@id\":\"https:\/\/securite-incendie-national.ca\/fr\/#organization\"},\"potentialAction\":[{\"@type\":\"SearchAction\",\"target\":{\"@type\":\"EntryPoint\",\"urlTemplate\":\"https:\/\/securite-incendie-national.ca\/fr\/?s={search_term_string}\"},\"query-input\":{\"@type\":\"PropertyValueSpecification\",\"valueRequired\":true,\"valueName\":\"search_term_string\"}}],\"inLanguage\":\"fr-FR\"},{\"@type\":\"Organization\",\"@id\":\"https:\/\/securite-incendie-national.ca\/fr\/#organization\",\"name\":\"S\u00e9curit\u00e9 Incendie National\",\"url\":\"https:\/\/securite-incendie-national.ca\/fr\/\",\"logo\":{\"@type\":\"ImageObject\",\"inLanguage\":\"fr-FR\",\"@id\":\"https:\/\/securite-incendie-national.ca\/fr\/#\/schema\/logo\/image\/\",\"url\":\"https:\/\/securite-incendie-national.ca\/wp-content\/uploads\/2022\/09\/logo-securite-incendie-national-3.png\",\"contentUrl\":\"https:\/\/securite-incendie-national.ca\/wp-content\/uploads\/2022\/09\/logo-securite-incendie-national-3.png\",\"width\":986,\"height\":221,\"caption\":\"S\u00e9curit\u00e9 Incendie National\"},\"image\":{\"@id\":\"https:\/\/securite-incendie-national.ca\/fr\/#\/schema\/logo\/image\/\"}}]}<\/script>\n<!-- \/ Yoast SEO plugin. -->","yoast_head_json":{"title":"S\u00e9curit\u00e9 Incendie National Experts en Pr\u00e9vention Incendie","description":"D\u00e9couvrez S\u00e9curit\u00e9 Incendie National : experts certifi\u00e9s en inspection, v\u00e9rification et conformit\u00e9 incendie \u00e0 Montr\u00e9al, Laval et Longueuil.","robots":{"index":"index","follow":"follow","max-snippet":"max-snippet:-1","max-image-preview":"max-image-preview:large","max-video-preview":"max-video-preview:-1"},"canonical":"https:\/\/securite-incendie-national.ca\/fr\/video\/","og_locale":"fr_FR","og_type":"article","og_title":"S\u00e9curit\u00e9 Incendie National Experts en Pr\u00e9vention Incendie","og_description":"D\u00e9couvrez S\u00e9curit\u00e9 Incendie National : experts certifi\u00e9s en inspection, v\u00e9rification et conformit\u00e9 incendie \u00e0 Montr\u00e9al, Laval et Longueuil.","og_url":"https:\/\/securite-incendie-national.ca\/fr\/video\/","og_site_name":"S\u00e9curit\u00e9 Incendie National","article_modified_time":"2025-06-27T12:58:46+00:00","twitter_card":"summary_large_image","twitter_misc":{"Dur\u00e9e de lecture estim\u00e9e":"1 minute"},"schema":{"@context":"https:\/\/schema.org","@graph":[{"@type":"WebPage","@id":"https:\/\/securite-incendie-national.ca\/fr\/video\/","url":"https:\/\/securite-incendie-national.ca\/fr\/video\/","name":"S\u00e9curit\u00e9 Incendie National Experts en Pr\u00e9vention Incendie","isPartOf":{"@id":"https:\/\/securite-incendie-national.ca\/fr\/#website"},"datePublished":"2022-09-21T19:53:01+00:00","dateModified":"2025-06-27T12:58:46+00:00","description":"D\u00e9couvrez S\u00e9curit\u00e9 Incendie National : experts certifi\u00e9s en inspection, v\u00e9rification et conformit\u00e9 incendie \u00e0 Montr\u00e9al, Laval et Longueuil.","breadcrumb":{"@id":"https:\/\/securite-incendie-national.ca\/fr\/video\/#breadcrumb"},"inLanguage":"fr-FR","potentialAction":[{"@type":"ReadAction","target":["https:\/\/securite-incendie-national.ca\/fr\/video\/"]}]},{"@type":"BreadcrumbList","@id":"https:\/\/securite-incendie-national.ca\/fr\/video\/#breadcrumb","itemListElement":[{"@type":"ListItem","position":1,"name":"Home","item":"https:\/\/securite-incendie-national.ca\/fr\/"},{"@type":"ListItem","position":2,"name":"Vid\u00e9o"}]},{"@type":"WebSite","@id":"https:\/\/securite-incendie-national.ca\/fr\/#website","url":"https:\/\/securite-incendie-national.ca\/fr\/","name":"S\u00e9curit\u00e9 Incendie National","description":"","publisher":{"@id":"https:\/\/securite-incendie-national.ca\/fr\/#organization"},"potentialAction":[{"@type":"SearchAction","target":{"@type":"EntryPoint","urlTemplate":"https:\/\/securite-incendie-national.ca\/fr\/?s={search_term_string}"},"query-input":{"@type":"PropertyValueSpecification","valueRequired":true,"valueName":"search_term_string"}}],"inLanguage":"fr-FR"},{"@type":"Organization","@id":"https:\/\/securite-incendie-national.ca\/fr\/#organization","name":"S\u00e9curit\u00e9 Incendie National","url":"https:\/\/securite-incendie-national.ca\/fr\/","logo":{"@type":"ImageObject","inLanguage":"fr-FR","@id":"https:\/\/securite-incendie-national.ca\/fr\/#\/schema\/logo\/image\/","url":"https:\/\/securite-incendie-national.ca\/wp-content\/uploads\/2022\/09\/logo-securite-incendie-national-3.png","contentUrl":"https:\/\/securite-incendie-national.ca\/wp-content\/uploads\/2022\/09\/logo-securite-incendie-national-3.png","width":986,"height":221,"caption":"S\u00e9curit\u00e9 Incendie National"},"image":{"@id":"https:\/\/securite-incendie-national.ca\/fr\/#\/schema\/logo\/image\/"}}]}},"_links":{"self":[{"href":"https:\/\/securite-incendie-national.ca\/fr\/wp-json\/wp\/v2\/pages\/1941","targetHints":{"allow":["GET"]}}],"collection":[{"href":"https:\/\/securite-incendie-national.ca\/fr\/wp-json\/wp\/v2\/pages"}],"about":[{"href":"https:\/\/securite-incendie-national.ca\/fr\/wp-json\/wp\/v2\/types\/page"}],"author":[{"embeddable":true,"href":"https:\/\/securite-incendie-national.ca\/fr\/wp-json\/wp\/v2\/users\/6"}],"replies":[{"embeddable":true,"href":"https:\/\/securite-incendie-national.ca\/fr\/wp-json\/wp\/v2\/comments?post=1941"}],"version-history":[{"count":12,"href":"https:\/\/securite-incendie-national.ca\/fr\/wp-json\/wp\/v2\/pages\/1941\/revisions"}],"predecessor-version":[{"id":2841,"href":"https:\/\/securite-incendie-national.ca\/fr\/wp-json\/wp\/v2\/pages\/1941\/revisions\/2841"}],"wp:attachment":[{"href":"https:\/\/securite-incendie-national.ca\/fr\/wp-json\/wp\/v2\/media?parent=1941"}],"curies":[{"name":"wp","href":"https:\/\/api.w.org\/{rel}","templated":true}]}}