
{"id":21,"date":"2022-09-21T19:53:01","date_gmt":"2022-09-21T19:53:01","guid":{"rendered":"http:\/\/localhost\/incendie\/?page_id=21"},"modified":"2025-04-17T09:10:17","modified_gmt":"2025-04-17T09:10:17","slug":"video","status":"publish","type":"page","link":"https:\/\/securite-incendie-national.ca\/en\/video\/","title":{"rendered":"Video"},"content":{"rendered":"<div data-elementor-type=\"wp-page\" data-elementor-id=\"21\" class=\"elementor elementor-21\">\n\t\t\t\t\t\t<section class=\"elementor-section elementor-top-section elementor-element elementor-element-4f06118 elementor-section-height-min-height elementor-section-boxed elementor-section-height-default elementor-section-items-middle\" data-id=\"4f06118\" data-element_type=\"section\" data-settings=\"{&quot;background_background&quot;:&quot;classic&quot;}\">\n\t\t\t\t\t\t<div class=\"elementor-container elementor-column-gap-default\">\n\t\t\t\t\t<div class=\"elementor-column elementor-col-100 elementor-top-column elementor-element elementor-element-e8f0575\" data-id=\"e8f0575\" data-element_type=\"column\">\n\t\t\t<div class=\"elementor-widget-wrap\">\n\t\t\t\t\t\t\t<\/div>\n\t\t<\/div>\n\t\t\t\t\t<\/div>\n\t\t<\/section>\n\t\t\t\t<section class=\"elementor-section elementor-top-section elementor-element elementor-element-3e88eee elementor-section-boxed elementor-section-height-default elementor-section-height-default\" data-id=\"3e88eee\" data-element_type=\"section\" data-settings=\"{&quot;background_background&quot;:&quot;classic&quot;}\">\n\t\t\t\t\t\t\t<div class=\"elementor-background-overlay\"><\/div>\n\t\t\t\t\t\t\t<div class=\"elementor-container elementor-column-gap-default\">\n\t\t\t\t\t<div class=\"elementor-column elementor-col-100 elementor-top-column elementor-element elementor-element-6ad9257\" data-id=\"6ad9257\" data-element_type=\"column\">\n\t\t\t<div class=\"elementor-widget-wrap elementor-element-populated\">\n\t\t\t\t\t\t<div class=\"elementor-element elementor-element-738e50a elementor-widget elementor-widget-heading\" data-id=\"738e50a\" data-element_type=\"widget\" data-widget_type=\"heading.default\">\n\t\t\t\t<div class=\"elementor-widget-container\">\n\t\t\t\t\t<h1 class=\"elementor-heading-title elementor-size-default\">Videos<\/h1>\t\t\t\t<\/div>\n\t\t\t\t<\/div>\n\t\t\t\t<div class=\"elementor-element elementor-element-a55d033 elementor-widget elementor-widget-video\" data-id=\"a55d033\" data-element_type=\"widget\" data-settings=\"{&quot;youtube_url&quot;:&quot;https:\\\/\\\/www.youtube.com\\\/watch?v=bTgFScec6yc&quot;,&quot;video_type&quot;:&quot;youtube&quot;,&quot;controls&quot;:&quot;yes&quot;}\" data-widget_type=\"video.default\">\n\t\t\t\t<div class=\"elementor-widget-container\">\n\t\t\t\t\t\t\t<div class=\"elementor-wrapper elementor-open-inline\">\n\t\t\t<div class=\"elementor-video\"><\/div>\t\t<\/div>\n\t\t\t\t\t\t<\/div>\n\t\t\t\t<\/div>\n\t\t\t\t\t<\/div>\n\t\t<\/div>\n\t\t\t\t\t<\/div>\n\t\t<\/section>\n\t\t\t\t<section class=\"elementor-section elementor-top-section elementor-element elementor-element-78166e9 elementor-section-boxed elementor-section-height-default elementor-section-height-default\" data-id=\"78166e9\" data-element_type=\"section\">\n\t\t\t\t\t\t<div class=\"elementor-container elementor-column-gap-default\">\n\t\t\t\t\t<div class=\"elementor-column elementor-col-50 elementor-top-column elementor-element elementor-element-2d957f1\" data-id=\"2d957f1\" data-element_type=\"column\">\n\t\t\t<div class=\"elementor-widget-wrap elementor-element-populated\">\n\t\t\t\t\t\t<div class=\"elementor-element elementor-element-2efa903 elementor-widget elementor-widget-video\" data-id=\"2efa903\" data-element_type=\"widget\" data-settings=\"{&quot;youtube_url&quot;:&quot;https:\\\/\\\/www.youtube.com\\\/watch?v=YT8Aurl8Nnk&quot;,&quot;video_type&quot;:&quot;youtube&quot;,&quot;controls&quot;:&quot;yes&quot;}\" data-widget_type=\"video.default\">\n\t\t\t\t<div class=\"elementor-widget-container\">\n\t\t\t\t\t\t\t<div class=\"elementor-wrapper elementor-open-inline\">\n\t\t\t<div class=\"elementor-video\"><\/div>\t\t<\/div>\n\t\t\t\t\t\t<\/div>\n\t\t\t\t<\/div>\n\t\t\t\t\t<\/div>\n\t\t<\/div>\n\t\t\t\t<div class=\"elementor-column elementor-col-50 elementor-top-column elementor-element elementor-element-6e33f3a\" data-id=\"6e33f3a\" data-element_type=\"column\">\n\t\t\t<div class=\"elementor-widget-wrap elementor-element-populated\">\n\t\t\t\t\t\t<div class=\"elementor-element elementor-element-37504d3 elementor-widget elementor-widget-video\" data-id=\"37504d3\" data-element_type=\"widget\" data-settings=\"{&quot;youtube_url&quot;:&quot;https:\\\/\\\/www.youtube.com\\\/watch?v=eX3BuoArruw&quot;,&quot;video_type&quot;:&quot;youtube&quot;,&quot;controls&quot;:&quot;yes&quot;}\" data-widget_type=\"video.default\">\n\t\t\t\t<div class=\"elementor-widget-container\">\n\t\t\t\t\t\t\t<div class=\"elementor-wrapper elementor-open-inline\">\n\t\t\t<div class=\"elementor-video\"><\/div>\t\t<\/div>\n\t\t\t\t\t\t<\/div>\n\t\t\t\t<\/div>\n\t\t\t\t\t<\/div>\n\t\t<\/div>\n\t\t\t\t\t<\/div>\n\t\t<\/section>\n\t\t\t\t<section class=\"elementor-section elementor-top-section elementor-element elementor-element-3e30e8d elementor-section-boxed elementor-section-height-default elementor-section-height-default\" data-id=\"3e30e8d\" data-element_type=\"section\">\n\t\t\t\t\t\t<div class=\"elementor-container elementor-column-gap-default\">\n\t\t\t\t\t<div class=\"elementor-column elementor-col-50 elementor-top-column elementor-element elementor-element-40c6828\" data-id=\"40c6828\" data-element_type=\"column\">\n\t\t\t<div class=\"elementor-widget-wrap elementor-element-populated\">\n\t\t\t\t\t\t<div class=\"elementor-element elementor-element-9e804cc elementor-widget elementor-widget-video\" data-id=\"9e804cc\" data-element_type=\"widget\" data-settings=\"{&quot;youtube_url&quot;:&quot;https:\\\/\\\/www.youtube.com\\\/watch?v=a3XZsprjcLQ&quot;,&quot;video_type&quot;:&quot;youtube&quot;,&quot;controls&quot;:&quot;yes&quot;}\" data-widget_type=\"video.default\">\n\t\t\t\t<div class=\"elementor-widget-container\">\n\t\t\t\t\t\t\t<div class=\"elementor-wrapper elementor-open-inline\">\n\t\t\t<div class=\"elementor-video\"><\/div>\t\t<\/div>\n\t\t\t\t\t\t<\/div>\n\t\t\t\t<\/div>\n\t\t\t\t\t<\/div>\n\t\t<\/div>\n\t\t\t\t<div class=\"elementor-column elementor-col-50 elementor-top-column elementor-element elementor-element-f77c4ea\" data-id=\"f77c4ea\" data-element_type=\"column\">\n\t\t\t<div class=\"elementor-widget-wrap elementor-element-populated\">\n\t\t\t\t\t\t<div class=\"elementor-element elementor-element-70862b1 elementor-widget elementor-widget-video\" data-id=\"70862b1\" data-element_type=\"widget\" data-settings=\"{&quot;youtube_url&quot;:&quot;https:\\\/\\\/www.youtube.com\\\/watch?v=vChK7unxNC4&quot;,&quot;video_type&quot;:&quot;youtube&quot;,&quot;controls&quot;:&quot;yes&quot;}\" data-widget_type=\"video.default\">\n\t\t\t\t<div class=\"elementor-widget-container\">\n\t\t\t\t\t\t\t<div class=\"elementor-wrapper elementor-open-inline\">\n\t\t\t<div class=\"elementor-video\"><\/div>\t\t<\/div>\n\t\t\t\t\t\t<\/div>\n\t\t\t\t<\/div>\n\t\t\t\t\t<\/div>\n\t\t<\/div>\n\t\t\t\t\t<\/div>\n\t\t<\/section>\n\t\t\t\t<section class=\"elementor-section elementor-top-section elementor-element elementor-element-4982fad blur elementor-section-boxed elementor-section-height-default elementor-section-height-default\" data-id=\"4982fad\" data-element_type=\"section\" data-settings=\"{&quot;background_background&quot;:&quot;classic&quot;}\">\n\t\t\t\t\t\t\t<div class=\"elementor-background-overlay\"><\/div>\n\t\t\t\t\t\t\t<div class=\"elementor-container elementor-column-gap-default\">\n\t\t\t\t\t<div class=\"elementor-column elementor-col-100 elementor-top-column elementor-element elementor-element-5716fb7\" data-id=\"5716fb7\" data-element_type=\"column\">\n\t\t\t<div class=\"elementor-widget-wrap elementor-element-populated\">\n\t\t\t\t\t\t<div class=\"elementor-element elementor-element-4a4668a elementor-widget elementor-widget-heading\" data-id=\"4a4668a\" data-element_type=\"widget\" data-widget_type=\"heading.default\">\n\t\t\t\t<div class=\"elementor-widget-container\">\n\t\t\t\t\t<h2 class=\"elementor-heading-title elementor-size-default\">About <span>Us<\/span><\/h2>\t\t\t\t<\/div>\n\t\t\t\t<\/div>\n\t\t\t\t<div class=\"elementor-element elementor-element-32d22e7 elementor-widget elementor-widget-text-editor\" data-id=\"32d22e7\" data-element_type=\"widget\" data-widget_type=\"text-editor.default\">\n\t\t\t\t<div class=\"elementor-widget-container\">\n\t\t\t\t\t\t\t\t\t<div id=\"row_SECTION_H2O2MC6YYQ\" class=\"row\"><div id=\"col_COLUMN_P34MX3GKFQ\" class=\"large-24 columns\"><div id=\"text_BLOCK_9LRIM4ZATQ\" class=\"block-text blk-text animations-scroll in-view-up\"><blockquote><p>We are authorized to discuss with municipalities, insurance companies and the RBQ in order to act upon situations of non-compliance where notice has been given. We act according to the National Fire Protection Association (NFPA), National Fire Prevention Code (NFC), National Building Code (NBC), the R\u00e9gie du b\u00e2timent du Qu\u00e9bec (RBQ) as well as the Quebec public security.<\/p><\/blockquote><\/div><\/div><\/div><div id=\"row_SECTION_I2YK8WZNYQ\" class=\"row sectionideal2-cta section-background-image full-width\"><div id=\"col_COLUMN_HHSUSPBP4S\" class=\"large-24 columns\"><div id=\"text_BLOCK_BB95XKDZON\" class=\"block-text blk-text emphasis animations-scroll in-view-up\">\u00a0<\/div><\/div><\/div>\t\t\t\t\t\t\t\t<\/div>\n\t\t\t\t<\/div>\n\t\t\t\t<div class=\"elementor-element elementor-element-7dcc129 elementor-widget elementor-widget-text-editor\" data-id=\"7dcc129\" data-element_type=\"widget\" data-widget_type=\"text-editor.default\">\n\t\t\t\t<div class=\"elementor-widget-container\">\n\t\t\t\t\t\t\t\t\tFor more information, <a class=\"description-link\" href=\"https:\/\/securite-incendie-national.ca\/en\/submissions\/\">contact us<\/a>\t\t\t\t\t\t\t\t<\/div>\n\t\t\t\t<\/div>\n\t\t\t\t<div class=\"elementor-element elementor-element-13cc64b elementor-align-center elementor-widget elementor-widget-button\" data-id=\"13cc64b\" data-element_type=\"widget\" data-widget_type=\"button.default\">\n\t\t\t\t<div class=\"elementor-widget-container\">\n\t\t\t\t\t\t\t\t\t<div class=\"elementor-button-wrapper\">\n\t\t\t\t\t<a class=\"elementor-button elementor-button-link elementor-size-sm\" href=\"https:\/\/securite-incendie-national.ca\/en\/submissions\/\">\n\t\t\t\t\t\t<span class=\"elementor-button-content-wrapper\">\n\t\t\t\t\t\t\t\t\t<span class=\"elementor-button-text\">Find out more<\/span>\n\t\t\t\t\t<\/span>\n\t\t\t\t\t<\/a>\n\t\t\t\t<\/div>\n\t\t\t\t\t\t\t\t<\/div>\n\t\t\t\t<\/div>\n\t\t\t\t\t<\/div>\n\t\t<\/div>\n\t\t\t\t\t<\/div>\n\t\t<\/section>\n\t\t\t\t<\/div>","protected":false},"excerpt":{"rendered":"<p>Videos https:\/\/www.youtube.com\/watch?v=bTgFScec6ychttps:\/\/www.youtube.com\/watch?v=YT8Aurl8Nnkhttps:\/\/www.youtube.com\/watch?v=eX3BuoArruwhttps:\/\/www.youtube.com\/watch?v=a3XZsprjcLQhttps:\/\/www.youtube.com\/watch?v=vChK7unxNC4 About Us We are authorized to discuss with municipalities, insurance companies and the RBQ in order to act upon situations of non-compliance where notice has been given. We act according to the National Fire Protection Association (NFPA), National Fire Prevention Code (NFC), National Building Code (NBC), the R\u00e9gie du b\u00e2timent du Qu\u00e9bec (RBQ) [&hellip;]<\/p>","protected":false},"author":6,"featured_media":0,"parent":0,"menu_order":0,"comment_status":"closed","ping_status":"closed","template":"elementor_header_footer","meta":{"footnotes":""},"class_list":["post-21","page","type-page","status-publish","hentry"],"acf":[],"yoast_head":"<!-- This site is optimized with the Yoast SEO plugin v25.3.1 - https:\/\/yoast.com\/wordpress\/plugins\/seo\/ -->\n<title>Video - S\u00e9curit\u00e9 Incendie National<\/title>\n<meta name=\"robots\" content=\"index, follow, max-snippet:-1, max-image-preview:large, max-video-preview:-1\" \/>\n<link rel=\"canonical\" href=\"\/en\/https:\/\/securite-incendie-national.ca\/en\/video\/\/\" \/>\n<meta property=\"og:locale\" content=\"en_US\" \/>\n<meta property=\"og:type\" content=\"article\" \/>\n<meta property=\"og:title\" content=\"Video - S\u00e9curit\u00e9 Incendie National\" \/>\n<meta property=\"og:description\" content=\"Videos https:\/\/www.youtube.com\/watch?v=bTgFScec6ychttps:\/\/www.youtube.com\/watch?v=YT8Aurl8Nnkhttps:\/\/www.youtube.com\/watch?v=eX3BuoArruwhttps:\/\/www.youtube.com\/watch?v=a3XZsprjcLQhttps:\/\/www.youtube.com\/watch?v=vChK7unxNC4 About Us We are authorized to discuss with municipalities, insurance companies and the RBQ in order to act upon situations of non-compliance where notice has been given. We act according to the National Fire Protection Association (NFPA), National Fire Prevention Code (NFC), National Building Code (NBC), the R\u00e9gie du b\u00e2timent du Qu\u00e9bec (RBQ) [&hellip;]\" \/>\n<meta property=\"og:url\" content=\"\/en\/https:\/\/securite-incendie-national.ca\/en\/video\/\/\" \/>\n<meta property=\"og:site_name\" content=\"S\u00e9curit\u00e9 Incendie National\" \/>\n<meta property=\"article:modified_time\" content=\"2025-04-17T09:10:17+00:00\" \/>\n<meta name=\"twitter:card\" content=\"summary_large_image\" \/>\n<meta name=\"twitter:label1\" content=\"Est. reading time\" \/>\n\t<meta name=\"twitter:data1\" content=\"1 minute\" \/>\n<script type=\"application\/ld+json\" class=\"yoast-schema-graph\">{\"@context\":\"https:\/\/schema.org\",\"@graph\":[{\"@type\":\"WebPage\",\"@id\":\"https:\/\/securite-incendie-national.ca\/en\/video\/\",\"url\":\"https:\/\/securite-incendie-national.ca\/en\/video\/\",\"name\":\"Video - S\u00e9curit\u00e9 Incendie National\",\"isPartOf\":{\"@id\":\"https:\/\/securite-incendie-national.ca\/en\/#website\"},\"datePublished\":\"2022-09-21T19:53:01+00:00\",\"dateModified\":\"2025-04-17T09:10:17+00:00\",\"breadcrumb\":{\"@id\":\"https:\/\/securite-incendie-national.ca\/en\/video\/#breadcrumb\"},\"inLanguage\":\"en-US\",\"potentialAction\":[{\"@type\":\"ReadAction\",\"target\":[\"https:\/\/securite-incendie-national.ca\/en\/video\/\"]}]},{\"@type\":\"BreadcrumbList\",\"@id\":\"https:\/\/securite-incendie-national.ca\/en\/video\/#breadcrumb\",\"itemListElement\":[{\"@type\":\"ListItem\",\"position\":1,\"name\":\"Home\",\"item\":\"https:\/\/securite-incendie-national.ca\/en\/\"},{\"@type\":\"ListItem\",\"position\":2,\"name\":\"Video\"}]},{\"@type\":\"WebSite\",\"@id\":\"https:\/\/securite-incendie-national.ca\/en\/#website\",\"url\":\"https:\/\/securite-incendie-national.ca\/en\/\",\"name\":\"S\u00e9curit\u00e9 Incendie National\",\"description\":\"\",\"publisher\":{\"@id\":\"https:\/\/securite-incendie-national.ca\/en\/#organization\"},\"potentialAction\":[{\"@type\":\"SearchAction\",\"target\":{\"@type\":\"EntryPoint\",\"urlTemplate\":\"https:\/\/securite-incendie-national.ca\/en\/?s={search_term_string}\"},\"query-input\":{\"@type\":\"PropertyValueSpecification\",\"valueRequired\":true,\"valueName\":\"search_term_string\"}}],\"inLanguage\":\"en-US\"},{\"@type\":\"Organization\",\"@id\":\"https:\/\/securite-incendie-national.ca\/en\/#organization\",\"name\":\"S\u00e9curit\u00e9 Incendie National\",\"url\":\"https:\/\/securite-incendie-national.ca\/en\/\",\"logo\":{\"@type\":\"ImageObject\",\"inLanguage\":\"en-US\",\"@id\":\"https:\/\/securite-incendie-national.ca\/en\/#\/schema\/logo\/image\/\",\"url\":\"https:\/\/securite-incendie-national.ca\/wp-content\/uploads\/2022\/09\/logo-securite-incendie-national-3.png\",\"contentUrl\":\"https:\/\/securite-incendie-national.ca\/wp-content\/uploads\/2022\/09\/logo-securite-incendie-national-3.png\",\"width\":986,\"height\":221,\"caption\":\"S\u00e9curit\u00e9 Incendie National\"},\"image\":{\"@id\":\"https:\/\/securite-incendie-national.ca\/en\/#\/schema\/logo\/image\/\"}}]}<\/script>\n<!-- \/ Yoast SEO plugin. -->","yoast_head_json":{"title":"Video - S\u00e9curit\u00e9 Incendie National","robots":{"index":"index","follow":"follow","max-snippet":"max-snippet:-1","max-image-preview":"max-image-preview:large","max-video-preview":"max-video-preview:-1"},"canonical":"\/en\/https:\/\/securite-incendie-national.ca\/en\/video\/\/","og_locale":"en_US","og_type":"article","og_title":"Video - S\u00e9curit\u00e9 Incendie National","og_description":"Videos https:\/\/www.youtube.com\/watch?v=bTgFScec6ychttps:\/\/www.youtube.com\/watch?v=YT8Aurl8Nnkhttps:\/\/www.youtube.com\/watch?v=eX3BuoArruwhttps:\/\/www.youtube.com\/watch?v=a3XZsprjcLQhttps:\/\/www.youtube.com\/watch?v=vChK7unxNC4 About Us We are authorized to discuss with municipalities, insurance companies and the RBQ in order to act upon situations of non-compliance where notice has been given. We act according to the National Fire Protection Association (NFPA), National Fire Prevention Code (NFC), National Building Code (NBC), the R\u00e9gie du b\u00e2timent du Qu\u00e9bec (RBQ) [&hellip;]","og_url":"\/en\/https:\/\/securite-incendie-national.ca\/en\/video\/\/","og_site_name":"S\u00e9curit\u00e9 Incendie National","article_modified_time":"2025-04-17T09:10:17+00:00","twitter_card":"summary_large_image","twitter_misc":{"Est. reading time":"1 minute"},"schema":{"@context":"https:\/\/schema.org","@graph":[{"@type":"WebPage","@id":"https:\/\/securite-incendie-national.ca\/en\/video\/","url":"https:\/\/securite-incendie-national.ca\/en\/video\/","name":"Video - S\u00e9curit\u00e9 Incendie National","isPartOf":{"@id":"https:\/\/securite-incendie-national.ca\/en\/#website"},"datePublished":"2022-09-21T19:53:01+00:00","dateModified":"2025-04-17T09:10:17+00:00","breadcrumb":{"@id":"https:\/\/securite-incendie-national.ca\/en\/video\/#breadcrumb"},"inLanguage":"en-US","potentialAction":[{"@type":"ReadAction","target":["https:\/\/securite-incendie-national.ca\/en\/video\/"]}]},{"@type":"BreadcrumbList","@id":"https:\/\/securite-incendie-national.ca\/en\/video\/#breadcrumb","itemListElement":[{"@type":"ListItem","position":1,"name":"Home","item":"https:\/\/securite-incendie-national.ca\/en\/"},{"@type":"ListItem","position":2,"name":"Video"}]},{"@type":"WebSite","@id":"https:\/\/securite-incendie-national.ca\/en\/#website","url":"https:\/\/securite-incendie-national.ca\/en\/","name":"S\u00e9curit\u00e9 Incendie National","description":"","publisher":{"@id":"https:\/\/securite-incendie-national.ca\/en\/#organization"},"potentialAction":[{"@type":"SearchAction","target":{"@type":"EntryPoint","urlTemplate":"https:\/\/securite-incendie-national.ca\/en\/?s={search_term_string}"},"query-input":{"@type":"PropertyValueSpecification","valueRequired":true,"valueName":"search_term_string"}}],"inLanguage":"en-US"},{"@type":"Organization","@id":"https:\/\/securite-incendie-national.ca\/en\/#organization","name":"S\u00e9curit\u00e9 Incendie National","url":"https:\/\/securite-incendie-national.ca\/en\/","logo":{"@type":"ImageObject","inLanguage":"en-US","@id":"https:\/\/securite-incendie-national.ca\/en\/#\/schema\/logo\/image\/","url":"https:\/\/securite-incendie-national.ca\/wp-content\/uploads\/2022\/09\/logo-securite-incendie-national-3.png","contentUrl":"https:\/\/securite-incendie-national.ca\/wp-content\/uploads\/2022\/09\/logo-securite-incendie-national-3.png","width":986,"height":221,"caption":"S\u00e9curit\u00e9 Incendie National"},"image":{"@id":"https:\/\/securite-incendie-national.ca\/en\/#\/schema\/logo\/image\/"}}]}},"_links":{"self":[{"href":"https:\/\/securite-incendie-national.ca\/en\/wp-json\/wp\/v2\/pages\/21","targetHints":{"allow":["GET"]}}],"collection":[{"href":"https:\/\/securite-incendie-national.ca\/en\/wp-json\/wp\/v2\/pages"}],"about":[{"href":"https:\/\/securite-incendie-national.ca\/en\/wp-json\/wp\/v2\/types\/page"}],"author":[{"embeddable":true,"href":"https:\/\/securite-incendie-national.ca\/en\/wp-json\/wp\/v2\/users\/6"}],"replies":[{"embeddable":true,"href":"https:\/\/securite-incendie-national.ca\/en\/wp-json\/wp\/v2\/comments?post=21"}],"version-history":[{"count":32,"href":"https:\/\/securite-incendie-national.ca\/en\/wp-json\/wp\/v2\/pages\/21\/revisions"}],"predecessor-version":[{"id":3313,"href":"https:\/\/securite-incendie-national.ca\/en\/wp-json\/wp\/v2\/pages\/21\/revisions\/3313"}],"wp:attachment":[{"href":"https:\/\/securite-incendie-national.ca\/en\/wp-json\/wp\/v2\/media?parent=21"}],"curies":[{"name":"wp","href":"https:\/\/api.w.org\/{rel}","templated":true}]}}